{"id":575,"date":"2019-03-06T18:37:34","date_gmt":"2019-03-06T18:37:34","guid":{"rendered":"http:\/\/homepageag.max-planck-realschule-koeln.de\/?page_id=575"},"modified":"2021-05-05T15:51:36","modified_gmt":"2021-05-05T15:51:36","slug":"datenschutz","status":"publish","type":"page","link":"https:\/\/max-planck-realschule-koeln.de\/?page_id=575","title":{"rendered":"Datenschutz"},"content":{"rendered":"\n<p><strong>Datenschutzerkl\u00e4rung<\/strong><\/p>\n<ul>\n<li><strong>Verantwortlicher und Datenschutzbeauftragter<\/strong><\/li>\n<\/ul>\n<p>Verantwortlicher gem. Art. 4 Nr. 7 EU-Datenschutz-Grundverordnung (EU-DSGVO) ist<\/p>\n<p>Max Knickenberg; Max-Planck-Realschule; Planckstr. 14; 51145 K\u00f6ln<\/p>\n<p>Die\/den schulischen Datenschutzbeauftragten erreichen Sie \u00fcber die nachfolgende Postadresse:<\/p>\n<p>Max Knickenberg; Max-Planck-Realschule; Planckstr. 14; 51145 K\u00f6ln<\/p>\n<ul>\n<li><strong>Ihre Rechte als Nutzer<\/strong><\/li>\n<\/ul>\n<p>Sie haben nach Ma\u00dfgabe der Artikel 15, 16, 17, 18 und 21 EU-DSGVO gegen\u00fcber uns folgende Rechte hinsichtlich der Sie betreffenden personenbezogenen Daten:<\/p>\n<p>&#8211; Recht auf Auskunft,<br \/>&#8211; Recht auf Berichtigung oder L\u00f6schung,<br \/>&#8211; Recht auf Einschr\u00e4nkung der Verarbeitung,<br \/>&#8211; Recht auf Widerspruch gegen die Verarbeitung,<br \/>&#8211; Recht auf Daten\u00fcbertragbarkeit.<\/p>\n<p>Wenn Sie der Auffassung sind, dass eine Verarbeitung Ihrer personenbezogener Daten gegen Datenschutzrecht verst\u00f6\u00dft, haben Sie das Recht, sich bei der zust\u00e4ndigen Aufsichtsbeh\u00f6rde zu beschweren, die Sie unter folgenden Kontaktdaten erreichen k\u00f6nnen:<\/p>\n<p>Landesbeauftragte f\u00fcr Datenschutz und Informationsfreiheit Nordrhein-Westfalen<\/p>\n<p>Postfach 20 04 44<br \/>40102 D\u00fcsseldorf<br \/>Tel.: 0211\/38424-0<br \/>Fax: 0211\/38424-10<br \/>E-Mail: <a href=\"mailto:poststelle@ldi.nrw.de\">poststelle@ldi.nrw.de<\/a><\/p>\n<p>\u00a0<\/p>\n<p><strong>Hinweise zur Datenverarbeitung <\/strong><\/p>\n<p>(1) Bei dem Aufruf unserer Website werden personenbezogene Daten erhoben. Dies ist aus technischen Gr\u00fcnden erforderlich, um Ihnen unsere Website anzuzeigen und die Stabilit\u00e4t und Sicherheit zu gew\u00e4hrleisten. Rechtsgrundlage ist Art. 6 Abs. 1 S. 1 lit. e, Abs. 3 EU-DSGVO in Verbindung mit \u00a7 3 Abs. 1 Datenschutzgesetz Nordrhein-Westfalen (DSG NRW). Das Internetangebot der Schule wird bei NetCologne gehostet. Bei jedem Zugriff auf Inhalte des Internetangebotes werden dort personenbezogene Daten empfangen und vor\u00fcbergehend \u00fcber sogenannte Protokoll- oder Log-Dateien gespeichert.<\/p>\n<p>Die folgenden Daten werden bei jedem Aufruf der Internetseite erhoben:<\/p>\n<p>&#8211; IP-Adresse<br \/>&#8211; Datum und Uhrzeit des Abrufs<br \/>&#8211; Inhalt der Anforderung (konkrete Seite)<br \/>&#8211; Zugriffsstatus\/HTTP-Statuscode<br \/>&#8211; jeweils \u00fcbertragene Datenmenge<br \/>&#8211; Website, von der die Anforderung kommt<br \/>&#8211; Browser<br \/>&#8211; Betriebssystem und dessen Oberfl\u00e4che<br \/>&#8211; Sprache und Version der Browsersoftware.<\/p>\n<p>Wir weisen darauf hin, dass Betreiber von fremden Internetseiten, die vom Portal aus verlinkt werden, die Daten von Besucherinnen bzw. Besuchern dieser Internetseiten erheben und auswerten k\u00f6nnen.<\/p>\n<p>(2) Bei Ihrer Kontaktaufnahme mit uns per E-Mail oder \u00fcber ein Kontaktformular m\u00fcssen die von Ihnen freiwillig mitgeteilten Daten (Ihre E-Mail-Adresse, ggf. Ihr Name und Ihre Telefonnummer) gespeichert werden, um Ihrem Anliegen entgegen kommen zu k\u00f6nnen.<br \/>Rechtsgrundlage ist Art. 6 Abs. 1 S. 1 lit. e, Abs. 3 EU-DSGVO in Verbindung mit \u00a7 3 Abs. 1 Datenschutzgesetz Nordrhein-Westfalen (DSG NRW).<\/p>\n<p>Die von Ihnen eingegebenen pers\u00f6nlichen Daten verwenden wir nur zu dem von Ihnen gew\u00fcnschten Zweck. Die in diesem Zusammenhang anfallenden Daten l\u00f6schen wir, nachdem die Speicherung nicht mehr erforderlich ist.<\/p>\n<p><strong>Nutzung von Cookies<\/strong><\/p>\n<p>Das Homepage-Angebot verwendet sogenannte \u201eCookies\u201c. Bei Cookies handelt es sich um kleine Textdateien, die auf Ihrem Rechner abgelegt werden und die Ihr Browser speichert. Diese dienen dazu, unser Angebot f\u00fcr Sie nutzerfreundlicher und effektiver zu machen.<br \/>Rechtsgrundlage ist Art. 6 Abs. 1 S. 1 lit. e, Abs. 3 EU-DSGVO in Verbindung mit \u00a7 3 Abs. 1 Datenschutzgesetz Nordrhein-Westfalen (DSG NRW).<\/p>\n<p>Sie k\u00f6nnen die Verwendung von Cookies dadurch unterbinden, indem Sie Ihren Internetbrowser so einstellen, dass dieser keine Cookies akzeptiert. Sie k\u00f6nnen in Ihrem Browser aber auch festlegen, ob Sie \u00fcber das Setzen von Cookies informiert werden m\u00f6chten und Cookies nur im Einzelfall erlauben, ob Sie die Annahme von Cookies f\u00fcr bestimmte F\u00e4lle oder eben auch generell ausschlie\u00dfen. Au\u00dferdem k\u00f6nnen Sie das automatische L\u00f6schen der Cookies beim Schlie\u00dfen des Browser aktivieren. Wie man das macht, h\u00e4ngt von Ihrem Browser ab.<\/p>\n<p>Beim erstmaligen Besuch des Internetangebotes bzw. einer Seite werden Sie automatisch auf die Cookie-Nutzung hingewiesen.<\/p>\n","protected":false},"excerpt":{"rendered":"<p>Datenschutzerkl\u00e4rung Verantwortlicher und Datenschutzbeauftragter Verantwortlicher gem. Art. 4 Nr. 7 EU-Datenschutz-Grundverordnung (EU-DSGVO) ist Max Knickenberg; Max-Planck-Realschule; Planckstr. 14; 51145 K\u00f6ln Die\/den schulischen Datenschutzbeauftragten erreichen Sie \u00fcber die nachfolgende Postadresse: Max &#8230;<\/p>\n","protected":false},"author":1,"featured_media":0,"parent":0,"menu_order":0,"comment_status":"closed","ping_status":"closed","template":"","meta":{"footnotes":""},"class_list":["post-575","page","type-page","status-publish","hentry"],"_links":{"self":[{"href":"https:\/\/max-planck-realschule-koeln.de\/index.php?rest_route=\/wp\/v2\/pages\/575","targetHints":{"allow":["GET"]}}],"collection":[{"href":"https:\/\/max-planck-realschule-koeln.de\/index.php?rest_route=\/wp\/v2\/pages"}],"about":[{"href":"https:\/\/max-planck-realschule-koeln.de\/index.php?rest_route=\/wp\/v2\/types\/page"}],"author":[{"embeddable":true,"href":"https:\/\/max-planck-realschule-koeln.de\/index.php?rest_route=\/wp\/v2\/users\/1"}],"replies":[{"embeddable":true,"href":"https:\/\/max-planck-realschule-koeln.de\/index.php?rest_route=%2Fwp%2Fv2%2Fcomments&post=575"}],"version-history":[{"count":5,"href":"https:\/\/max-planck-realschule-koeln.de\/index.php?rest_route=\/wp\/v2\/pages\/575\/revisions"}],"predecessor-version":[{"id":1588,"href":"https:\/\/max-planck-realschule-koeln.de\/index.php?rest_route=\/wp\/v2\/pages\/575\/revisions\/1588"}],"wp:attachment":[{"href":"https:\/\/max-planck-realschule-koeln.de\/index.php?rest_route=%2Fwp%2Fv2%2Fmedia&parent=575"}],"curies":[{"name":"wp","href":"https:\/\/api.w.org\/{rel}","templated":true}]}}