{"id":491,"date":"2019-02-26T11:08:52","date_gmt":"2019-02-26T11:08:52","guid":{"rendered":"http:\/\/homepageag.max-planck-realschule-koeln.de\/?page_id=491"},"modified":"2025-02-21T11:26:02","modified_gmt":"2025-02-21T11:26:02","slug":"musical-2016","status":"publish","type":"page","link":"https:\/\/max-planck-realschule-koeln.de\/?page_id=491","title":{"rendered":"2016: Ich war noch niemals in New York"},"content":{"rendered":"\n<p>\u201eIch war noch niemals in New York\u201c<br>Am 16.\/17. Juni 2016 f\u00fchrte die Musical-AG unserer Schule das St\u00fcck \u201eIch war noch niemals in New York\u201c auf. An dem Musical mit den Songs von Udo J\u00fcrgens haben rund 70 Sch\u00fclerinnen und Sch\u00fcler unserer Schule ein ganzes Jahr lang mit ihren Lehrern Herrn Klein, Frau Cremer und Frau Schmorleiz gearbeitet. Die Vorbereitungen fingen jedoch schon ein halbes Jahr zuvoran. Die Musik wurde neu produziert, das Drehbuch musste geschrieben und ein Casting veranstaltet werden.<br>In 2&#215;60 Minuten erz\u00e4hlten die Akteure in insgesamt vier Vorstellungen \u00fcber 1000 Zuschauern eine unterhaltsame Geschichte, unterlegt mit den Ohrw\u00fcrmern und Evergreens des 2014 verstorbenen Musikers Udo J\u00fcrgens.<br>Das St\u00fcck selbst handelt von der ehrgeizigen Fernsehmoderatorin Lisa Wartberg (gespielt von Nele Blumenthal, Klasse 9a), die unbedingt den bedeutenden Fernsehpreis gewinnen will. Was sich allerdings schwieriger als gedacht erweist, da ihre Mutter Maria Wartberg (gespielt von Melissa Seven, Klasse 10a) und deren Verlobter Otto Staudach (gespielt von Pawel Alexiadis, Klasse 10d) entschlossen haben, ihr Leben im Altenheim hinter sich zu lassen und unter der Freiheitsstatue zu heiraten. Die r\u00fcstigen Rentner schleichen sich deshalb heimlich aus dem Altenheim und nehmen das n\u00e4chste Schiff nach New York.<br>Lisa Wartberg muss sich nun unverz\u00fcglich auf die Suche nach ihrer Mutter machen, genau wie Axel Staudach (gespielt von Sherwin Baig-Kawser, Klasse 10d) sich auf die Suche nach seinem Vater Otto macht, um ihn innerhalb einer Woche wieder zur\u00fcck ins Altenheim zu bringen, da sonst die Heimpl\u00e4tze weg sind. Nach mehreren ungl\u00fccklichen Zuf\u00e4llen m\u00fcssen sich Lisa Wartberg und Axel Staudach, die sich von Anfang an nicht ausstehen k\u00f6nnen, gemeinsam mit Axels Sohn Florian (gespielt von Alim Kareem, Klasse 6d) auf die Suche nach ihren Eltern machen. Auch das schwule P\u00e4rchen Fred und Costa (gespielt von Emirhan Ciftci und Ozan Kay, Klasse 8c) sorgen bei dieser Kom\u00f6die nicht nur f\u00fcr das perfekte Make-up ihrer Chefin Lisa Wartberg, sondern auch garantiert f\u00fcr f\u00fcr einige Lacher.<br>F\u00fcr das St\u00fcck wurden viele der bekannten Hits von Udo J\u00fcrgens verwendet, wie z.B. \u201eVielen Dank f\u00fcr die Blumen\u201c, \u201e Aber bitte mit Sahne\u201c, \u201eMit 66 Jahren\u201c, \u201eIch war noch niemals in New York\u201c, \u201eGriechischer Wein\u201c, \u201e Siebzehn Jahr, blondes Haar\u201c und noch viele mehr.<br>Gesanglich und t\u00e4nzerisch wurden die Hauptdarsteller dabei von der Chor-AG der Klassen 5\/6 sowie der Musical-Dance-AG der Klassen 7\/8 unterst\u00fctzt.<br>Durch die vielen Kost\u00fcme und Requisiten, die unter der Leitung von Lehrerin Frau Brinker in der Kost\u00fcm-AG der Klassen 10 angefertigt wurden, ein professionelles B\u00fchnenbild, welches mit viel Liebe zum Detail von Kunstlehrer Herrn Sp\u00e4ker mit seiner Kulissen-AG der Klasse10 designed wurde und dem richtigen Licht und Ton bei den Auff\u00fchrungen durch die schulische Technik-AG unter der Leitung von Herrn Klein, war diese Musicalauff\u00fchrung ein gro\u00dfartiges Spektakel.<\/p>\n\n\n\n<p>Wir gratulieren allen Mitwirkenden nochmals zu dieser gro\u00dfartigen\nLeistung!<\/p>\n\n\n<style type=\"text\/css\">\n#foogallery-gallery-525 .fg-image { width: 150px; }\n#foogallery-gallery-525 { --fg-gutter: 10px; }<\/style>\n\t\t\t<div class=\"foogallery foogallery-container foogallery-default foogallery-lightbox-foobox fg-center fg-default fg-ready fg-light fg-border-thin fg-shadow-outline fg-loading-default fg-loaded-fade-in fg-caption-hover fg-hover-fade fg-hover-zoom\" id=\"foogallery-gallery-525\" data-foogallery=\"{&quot;item&quot;:{&quot;showCaptionTitle&quot;:true,&quot;showCaptionDescription&quot;:true},&quot;lazy&quot;:true}\" style=\"--fg-title-line-clamp: 0; --fg-description-line-clamp: 0;\" >\n\t<div class=\"fg-item fg-type-image fg-idle\"><figure class=\"fg-item-inner\"><a href=\"https:\/\/max-planck-realschule-koeln.de\/wp-content\/uploads\/2019\/02\/NewYorkPresse3-e1551181059190.jpg\" data-attachment-id=\"524\" data-type=\"image\" class=\"fg-thumb\"><span class=\"fg-image-wrap\"><img decoding=\"async\" width=\"150\" height=\"150\" class=\"skip-lazy fg-image\" data-src-fg=\"https:\/\/max-planck-realschule-koeln.de\/wp-content\/uploads\/cache\/2019\/02\/NewYorkPresse3-e1551181059190\/2645753508.jpg\" src=\"data:image\/svg+xml,%3Csvg%20xmlns%3D%22http%3A%2F%2Fwww.w3.org%2F2000%2Fsvg%22%20width%3D%22150%22%20height%3D%22150%22%20viewBox%3D%220%200%20150%20150%22%3E%3C%2Fsvg%3E\" loading=\"eager\"><\/span><span class=\"fg-image-overlay\"><\/span><\/a><\/figure><div class=\"fg-loader\"><\/div><\/div><div class=\"fg-item fg-type-image fg-idle\"><figure class=\"fg-item-inner\"><a href=\"https:\/\/max-planck-realschule-koeln.de\/wp-content\/uploads\/2019\/02\/NewYorkPresse2-e1551181079250.jpg\" data-attachment-id=\"523\" data-type=\"image\" class=\"fg-thumb\"><span class=\"fg-image-wrap\"><img decoding=\"async\" width=\"150\" height=\"150\" class=\"skip-lazy fg-image\" data-src-fg=\"https:\/\/max-planck-realschule-koeln.de\/wp-content\/uploads\/cache\/2019\/02\/NewYorkPresse2-e1551181079250\/2955697725.jpg\" src=\"data:image\/svg+xml,%3Csvg%20xmlns%3D%22http%3A%2F%2Fwww.w3.org%2F2000%2Fsvg%22%20width%3D%22150%22%20height%3D%22150%22%20viewBox%3D%220%200%20150%20150%22%3E%3C%2Fsvg%3E\" loading=\"eager\"><\/span><span class=\"fg-image-overlay\"><\/span><\/a><\/figure><div class=\"fg-loader\"><\/div><\/div><div class=\"fg-item fg-type-image fg-idle\"><figure class=\"fg-item-inner\"><a href=\"https:\/\/max-planck-realschule-koeln.de\/wp-content\/uploads\/2019\/02\/NewYorkPresse1-e1551181091845.jpg\" data-attachment-id=\"522\" data-type=\"image\" class=\"fg-thumb\"><span class=\"fg-image-wrap\"><img decoding=\"async\" width=\"150\" height=\"150\" class=\"skip-lazy fg-image\" data-src-fg=\"https:\/\/max-planck-realschule-koeln.de\/wp-content\/uploads\/cache\/2019\/02\/NewYorkPresse1-e1551181091845\/1262377332.jpg\" src=\"data:image\/svg+xml,%3Csvg%20xmlns%3D%22http%3A%2F%2Fwww.w3.org%2F2000%2Fsvg%22%20width%3D%22150%22%20height%3D%22150%22%20viewBox%3D%220%200%20150%20150%22%3E%3C%2Fsvg%3E\" loading=\"eager\"><\/span><span class=\"fg-image-overlay\"><\/span><\/a><\/figure><div class=\"fg-loader\"><\/div><\/div><\/div>\n","protected":false},"excerpt":{"rendered":"<p>\u201eIch war noch niemals in New York\u201cAm 16.\/17. Juni 2016 f\u00fchrte die Musical-AG unserer Schule das St\u00fcck \u201eIch war noch niemals in New York\u201c auf. An dem Musical mit den &#8230;<\/p>\n","protected":false},"author":1,"featured_media":0,"parent":0,"menu_order":0,"comment_status":"closed","ping_status":"closed","template":"","meta":{"footnotes":""},"class_list":["post-491","page","type-page","status-publish","hentry"],"_links":{"self":[{"href":"https:\/\/max-planck-realschule-koeln.de\/index.php?rest_route=\/wp\/v2\/pages\/491","targetHints":{"allow":["GET"]}}],"collection":[{"href":"https:\/\/max-planck-realschule-koeln.de\/index.php?rest_route=\/wp\/v2\/pages"}],"about":[{"href":"https:\/\/max-planck-realschule-koeln.de\/index.php?rest_route=\/wp\/v2\/types\/page"}],"author":[{"embeddable":true,"href":"https:\/\/max-planck-realschule-koeln.de\/index.php?rest_route=\/wp\/v2\/users\/1"}],"replies":[{"embeddable":true,"href":"https:\/\/max-planck-realschule-koeln.de\/index.php?rest_route=%2Fwp%2Fv2%2Fcomments&post=491"}],"version-history":[{"count":5,"href":"https:\/\/max-planck-realschule-koeln.de\/index.php?rest_route=\/wp\/v2\/pages\/491\/revisions"}],"predecessor-version":[{"id":2814,"href":"https:\/\/max-planck-realschule-koeln.de\/index.php?rest_route=\/wp\/v2\/pages\/491\/revisions\/2814"}],"wp:attachment":[{"href":"https:\/\/max-planck-realschule-koeln.de\/index.php?rest_route=%2Fwp%2Fv2%2Fmedia&parent=491"}],"curies":[{"name":"wp","href":"https:\/\/api.w.org\/{rel}","templated":true}]}}