{"id":489,"date":"2019-02-26T11:08:32","date_gmt":"2019-02-26T11:08:32","guid":{"rendered":"http:\/\/homepageag.max-planck-realschule-koeln.de\/?page_id=489"},"modified":"2025-02-21T11:25:08","modified_gmt":"2025-02-21T11:25:08","slug":"musical-2014","status":"publish","type":"page","link":"https:\/\/max-planck-realschule-koeln.de\/?page_id=489","title":{"rendered":"2014: Mamma Mia"},"content":{"rendered":"\n<p><strong>\u201eMamma Mia\u201c<\/strong><br>Am 12. &amp; 13.  Juni 2014 f\u00fchrte die Musical-AG unter der Leitung von Frau Litzinger und  Herrn Klein das Musical \u201eMamma Mia\u201c auf. Insgesamt wirkten ca. 70  Sch\u00fclerinnen und Sch\u00fcler bei diesem Projekt wird. Darunter auch die  Chor-, Tanz- und Technik-AG der Schule. Unter der Leitung von Frau  Franke entstand ein traumhaftes B\u00fchnenbild, das sich perfekt an die  Gegebenheiten des gro\u00dfen Porzer Rathaussaals anpasste, wo das Musical  aufgef\u00fchrt wurde. Mit den beliebten Ohrw\u00fcrmern der schwedischen  Popgruppe ABBA, den farbenfrohen Kost\u00fcmen sowie den hochmotivierten  Darstellern wurde MAMMA MIA zu einem echten Erlebnis f\u00fcr Jung und Alt,  fand auch Schulleiterin Margret He\u00dfeler, die allen Beteiligten Sch\u00fclern  und Lehrern am Ende der Vorstellungen zu dieser tollen Auff\u00fchrung  gratulierte und sich f\u00fcr den Einsatz und das Engagement bedankte.  Besonderer Dank gilt auch Bezirksamtsleiter Nobert Becker, der unserer  Schule den Rathaussaal als Auff\u00fchrungsort zur Verf\u00fcgung stellte, da die  Turnhalle der Max-Planck-Realschule umgebaut wurde und eine Auff\u00fchrung  dort nicht m\u00f6glich war. Herr Becker war so begeistert von der  Musicalauff\u00fchrung, dass auch die n\u00e4chste Auff\u00fchrung wieder im  Rathaussaal stattfinden darf.<br><\/p>\n\n\n<style type=\"text\/css\">\n#foogallery-gallery-520 .fg-image { width: 150px; }\n#foogallery-gallery-520 { --fg-gutter: 10px; }<\/style>\n\t\t\t<div class=\"foogallery foogallery-container foogallery-default foogallery-lightbox-foobox fg-center fg-default fg-ready fg-light fg-border-thin fg-shadow-outline fg-loading-default fg-loaded-fade-in fg-caption-hover fg-hover-fade fg-hover-zoom\" id=\"foogallery-gallery-520\" data-foogallery=\"{&quot;item&quot;:{&quot;showCaptionTitle&quot;:true,&quot;showCaptionDescription&quot;:true},&quot;lazy&quot;:true}\" style=\"--fg-title-line-clamp: 0; --fg-description-line-clamp: 0;\" >\n\t<div class=\"fg-item fg-type-image fg-idle\"><figure class=\"fg-item-inner\"><a href=\"https:\/\/max-planck-realschule-koeln.de\/wp-content\/uploads\/2019\/02\/MamaMiaPresse4-e1551180714546.jpg\" data-attachment-id=\"519\" data-type=\"image\" class=\"fg-thumb\"><span class=\"fg-image-wrap\"><img decoding=\"async\" width=\"150\" height=\"150\" class=\"skip-lazy fg-image\" data-src-fg=\"https:\/\/max-planck-realschule-koeln.de\/wp-content\/uploads\/cache\/2019\/02\/MamaMiaPresse4-e1551180714546\/2701426368.jpg\" src=\"data:image\/svg+xml,%3Csvg%20xmlns%3D%22http%3A%2F%2Fwww.w3.org%2F2000%2Fsvg%22%20width%3D%22150%22%20height%3D%22150%22%20viewBox%3D%220%200%20150%20150%22%3E%3C%2Fsvg%3E\" loading=\"eager\"><\/span><span class=\"fg-image-overlay\"><\/span><\/a><\/figure><div class=\"fg-loader\"><\/div><\/div><div class=\"fg-item fg-type-image fg-idle\"><figure class=\"fg-item-inner\"><a href=\"https:\/\/max-planck-realschule-koeln.de\/wp-content\/uploads\/2019\/02\/MamaMiaPresse3-e1551180728256.jpg\" data-attachment-id=\"518\" data-type=\"image\" class=\"fg-thumb\"><span class=\"fg-image-wrap\"><img decoding=\"async\" width=\"150\" height=\"150\" class=\"skip-lazy fg-image\" data-src-fg=\"https:\/\/max-planck-realschule-koeln.de\/wp-content\/uploads\/cache\/2019\/02\/MamaMiaPresse3-e1551180728256\/3374460834.jpg\" src=\"data:image\/svg+xml,%3Csvg%20xmlns%3D%22http%3A%2F%2Fwww.w3.org%2F2000%2Fsvg%22%20width%3D%22150%22%20height%3D%22150%22%20viewBox%3D%220%200%20150%20150%22%3E%3C%2Fsvg%3E\" loading=\"eager\"><\/span><span class=\"fg-image-overlay\"><\/span><\/a><\/figure><div class=\"fg-loader\"><\/div><\/div><div class=\"fg-item fg-type-image fg-idle\"><figure class=\"fg-item-inner\"><a href=\"https:\/\/max-planck-realschule-koeln.de\/wp-content\/uploads\/2019\/02\/MamaMiaPresse2-e1551180746980.jpg\" data-attachment-id=\"517\" data-type=\"image\" class=\"fg-thumb\"><span class=\"fg-image-wrap\"><img decoding=\"async\" width=\"150\" height=\"150\" class=\"skip-lazy fg-image\" data-src-fg=\"https:\/\/max-planck-realschule-koeln.de\/wp-content\/uploads\/cache\/2019\/02\/MamaMiaPresse2-e1551180746980\/432923132.jpg\" src=\"data:image\/svg+xml,%3Csvg%20xmlns%3D%22http%3A%2F%2Fwww.w3.org%2F2000%2Fsvg%22%20width%3D%22150%22%20height%3D%22150%22%20viewBox%3D%220%200%20150%20150%22%3E%3C%2Fsvg%3E\" loading=\"eager\"><\/span><span class=\"fg-image-overlay\"><\/span><\/a><\/figure><div class=\"fg-loader\"><\/div><\/div><div class=\"fg-item fg-type-image fg-idle\"><figure class=\"fg-item-inner\"><a href=\"https:\/\/max-planck-realschule-koeln.de\/wp-content\/uploads\/2019\/02\/MamaMiaPresse1-e1551180770395.jpg\" data-attachment-id=\"516\" data-type=\"image\" class=\"fg-thumb\"><span class=\"fg-image-wrap\"><img decoding=\"async\" width=\"150\" height=\"150\" class=\"skip-lazy fg-image\" data-src-fg=\"https:\/\/max-planck-realschule-koeln.de\/wp-content\/uploads\/cache\/2019\/02\/MamaMiaPresse1-e1551180770395\/772197469.jpg\" src=\"data:image\/svg+xml,%3Csvg%20xmlns%3D%22http%3A%2F%2Fwww.w3.org%2F2000%2Fsvg%22%20width%3D%22150%22%20height%3D%22150%22%20viewBox%3D%220%200%20150%20150%22%3E%3C%2Fsvg%3E\" loading=\"eager\"><\/span><span class=\"fg-image-overlay\"><\/span><\/a><\/figure><div class=\"fg-loader\"><\/div><\/div><\/div>\n","protected":false},"excerpt":{"rendered":"<p>\u201eMamma Mia\u201cAm 12. &amp; 13. Juni 2014 f\u00fchrte die Musical-AG unter der Leitung von Frau Litzinger und Herrn Klein das Musical \u201eMamma Mia\u201c auf. Insgesamt wirkten ca. 70 Sch\u00fclerinnen und &#8230;<\/p>\n","protected":false},"author":1,"featured_media":0,"parent":0,"menu_order":0,"comment_status":"closed","ping_status":"closed","template":"","meta":{"footnotes":""},"class_list":["post-489","page","type-page","status-publish","hentry"],"_links":{"self":[{"href":"https:\/\/max-planck-realschule-koeln.de\/index.php?rest_route=\/wp\/v2\/pages\/489","targetHints":{"allow":["GET"]}}],"collection":[{"href":"https:\/\/max-planck-realschule-koeln.de\/index.php?rest_route=\/wp\/v2\/pages"}],"about":[{"href":"https:\/\/max-planck-realschule-koeln.de\/index.php?rest_route=\/wp\/v2\/types\/page"}],"author":[{"embeddable":true,"href":"https:\/\/max-planck-realschule-koeln.de\/index.php?rest_route=\/wp\/v2\/users\/1"}],"replies":[{"embeddable":true,"href":"https:\/\/max-planck-realschule-koeln.de\/index.php?rest_route=%2Fwp%2Fv2%2Fcomments&post=489"}],"version-history":[{"count":4,"href":"https:\/\/max-planck-realschule-koeln.de\/index.php?rest_route=\/wp\/v2\/pages\/489\/revisions"}],"predecessor-version":[{"id":2812,"href":"https:\/\/max-planck-realschule-koeln.de\/index.php?rest_route=\/wp\/v2\/pages\/489\/revisions\/2812"}],"wp:attachment":[{"href":"https:\/\/max-planck-realschule-koeln.de\/index.php?rest_route=%2Fwp%2Fv2%2Fmedia&parent=489"}],"curies":[{"name":"wp","href":"https:\/\/api.w.org\/{rel}","templated":true}]}}