{"id":487,"date":"2019-02-26T11:07:15","date_gmt":"2019-02-26T11:07:15","guid":{"rendered":"http:\/\/homepageag.max-planck-realschule-koeln.de\/?page_id=487"},"modified":"2025-02-21T11:25:39","modified_gmt":"2025-02-21T11:25:39","slug":"musical-2013","status":"publish","type":"page","link":"https:\/\/max-planck-realschule-koeln.de\/?page_id=487","title":{"rendered":"2013: Deutschland sucht das Super-Musical"},"content":{"rendered":"\n<p><strong>\u201eDeutschland sucht das SuperMusical\u201c <\/strong><br>Im Schuljahr 2012\/2013 f\u00fchrte die Musical-AG unter der Leitung von Frau Litzinger und Herrn Klein \u201eDeutschland sucht das SuperMusical\u201c auf. Unter diesem Namen pr\u00e4sentierten die Sch\u00fclerinnen und Sch\u00fcler der Klassen 5-10 eine fiktive Castingshow, in der mehrere Gruppen mit Ausschnitten aus verschiedenen Musicals auftraten bzw. gegeneinander antraten. Unter anderem wurden Lieder aus den Musicals Grease, Oliver, Tanz der Vampire, Jekyll &amp; Hyde, K\u00f6nig der L\u00f6wen und Starlight Express von den Sch\u00fclerinnen und Sch\u00fclern gesungen und aufgef\u00fchrt. Eine etwas neurotische und selbstverliebte Moderatorin namens Heidi Klumps, gespielt von Tabita Lech, f\u00fchrte auf unterhaltsame Weise durch die Show und verkn\u00fcpfte die einzelnen Bewerbermusicals miteinander. Da bei dieser Show nicht alles reibungslos lief und es technische Pannen gab (die nat\u00fcrlich beabsichtigt waren), wurden die Nerven der Moderatorin sehr strapaziert. Als schlie\u00dflich am Ende festgestellt wurde, dass selbst die Abstimmger\u00e4te nicht wie geplant unter den St\u00fchlen der Zuschauer\/innen lagen, drohte die ganze Show zu kippen, doch auch ohne Moderatorin brachten die Darsteller ihre Show noch zu einem guten Ende. An dieser Produktion waren insgesamt ca. 100 Sch\u00fclerinnen und Sch\u00fcler der Max-Planck-Realschule beteiligt. Alle Lieder wurden extra neu arrangiert und aufgenommen. Viele AG\u00b4s, darunter die B\u00fchnenbild-AG, die Technik-AG sowie die Chor-AG arbeiteten an dieser Musicalproduktion mit. Bei insgesamt 5 Auff\u00fchrungen sahen ca. 1200 Zuschauer das SuperMusical. An dieser Stelle auch einen gro\u00dfen Dank an den F\u00f6rderverein der Max-Planck-Realschule, der dieses Projekt finanziell unterst\u00fctzt und m\u00f6glich gemacht hat. Danke auch an alle Eltern und Lehrer der Max-Planck-Realschule, die dieses Projekt unterst\u00fctzen und sich an der Realisierung beteiligten. (Kl)<\/p>\n\n\n<style type=\"text\/css\">\n#foogallery-gallery-514 .fg-image { width: 150px; }\n#foogallery-gallery-514 { --fg-gutter: 10px; }<\/style>\n\t\t\t<div class=\"foogallery foogallery-container foogallery-default foogallery-lightbox-foobox fg-center fg-default fg-ready fg-light fg-border-thin fg-shadow-outline fg-loading-default fg-loaded-fade-in fg-caption-hover fg-hover-fade fg-hover-zoom\" id=\"foogallery-gallery-514\" data-foogallery=\"{&quot;item&quot;:{&quot;showCaptionTitle&quot;:true,&quot;showCaptionDescription&quot;:true},&quot;lazy&quot;:true}\" style=\"--fg-title-line-clamp: 0; --fg-description-line-clamp: 0;\" >\n\t<div class=\"fg-item fg-type-image fg-idle\"><figure class=\"fg-item-inner\"><a href=\"https:\/\/max-planck-realschule-koeln.de\/wp-content\/uploads\/2019\/02\/Plakat.jpg\" data-attachment-id=\"124\" data-type=\"image\" class=\"fg-thumb\"><span class=\"fg-image-wrap\"><img decoding=\"async\" width=\"150\" height=\"150\" class=\"skip-lazy fg-image\" data-src-fg=\"https:\/\/max-planck-realschule-koeln.de\/wp-content\/uploads\/cache\/2019\/02\/Plakat\/946801587.jpg\" src=\"data:image\/svg+xml,%3Csvg%20xmlns%3D%22http%3A%2F%2Fwww.w3.org%2F2000%2Fsvg%22%20width%3D%22150%22%20height%3D%22150%22%20viewBox%3D%220%200%20150%20150%22%3E%3C%2Fsvg%3E\" loading=\"eager\"><\/span><span class=\"fg-image-overlay\"><\/span><\/a><\/figure><div class=\"fg-loader\"><\/div><\/div><div class=\"fg-item fg-type-image fg-idle\"><figure class=\"fg-item-inner\"><a href=\"https:\/\/max-planck-realschule-koeln.de\/wp-content\/uploads\/2019\/02\/SuperMusicalPresse3.jpg\" data-attachment-id=\"510\" data-type=\"image\" class=\"fg-thumb\"><span class=\"fg-image-wrap\"><img decoding=\"async\" width=\"150\" height=\"150\" class=\"skip-lazy fg-image\" data-src-fg=\"https:\/\/max-planck-realschule-koeln.de\/wp-content\/uploads\/cache\/2019\/02\/SuperMusicalPresse3\/542172666.jpg\" src=\"data:image\/svg+xml,%3Csvg%20xmlns%3D%22http%3A%2F%2Fwww.w3.org%2F2000%2Fsvg%22%20width%3D%22150%22%20height%3D%22150%22%20viewBox%3D%220%200%20150%20150%22%3E%3C%2Fsvg%3E\" loading=\"eager\"><\/span><span class=\"fg-image-overlay\"><\/span><\/a><\/figure><div class=\"fg-loader\"><\/div><\/div><div class=\"fg-item fg-type-image fg-idle\"><figure class=\"fg-item-inner\"><a href=\"https:\/\/max-planck-realschule-koeln.de\/wp-content\/uploads\/2019\/02\/SuperMusicalPresse2.jpg\" data-attachment-id=\"509\" data-type=\"image\" class=\"fg-thumb\"><span class=\"fg-image-wrap\"><img decoding=\"async\" width=\"150\" height=\"150\" class=\"skip-lazy fg-image\" data-src-fg=\"https:\/\/max-planck-realschule-koeln.de\/wp-content\/uploads\/cache\/2019\/02\/SuperMusicalPresse2\/2506533133.jpg\" src=\"data:image\/svg+xml,%3Csvg%20xmlns%3D%22http%3A%2F%2Fwww.w3.org%2F2000%2Fsvg%22%20width%3D%22150%22%20height%3D%22150%22%20viewBox%3D%220%200%20150%20150%22%3E%3C%2Fsvg%3E\" loading=\"eager\"><\/span><span class=\"fg-image-overlay\"><\/span><\/a><\/figure><div class=\"fg-loader\"><\/div><\/div><div class=\"fg-item fg-type-image fg-idle\"><figure class=\"fg-item-inner\"><a href=\"https:\/\/max-planck-realschule-koeln.de\/wp-content\/uploads\/2019\/02\/SuperMusicalPresse1.jpg\" data-attachment-id=\"508\" data-type=\"image\" class=\"fg-thumb\"><span class=\"fg-image-wrap\"><img decoding=\"async\" width=\"150\" height=\"150\" class=\"skip-lazy fg-image\" data-src-fg=\"https:\/\/max-planck-realschule-koeln.de\/wp-content\/uploads\/cache\/2019\/02\/SuperMusicalPresse1\/1942123425.jpg\" src=\"data:image\/svg+xml,%3Csvg%20xmlns%3D%22http%3A%2F%2Fwww.w3.org%2F2000%2Fsvg%22%20width%3D%22150%22%20height%3D%22150%22%20viewBox%3D%220%200%20150%20150%22%3E%3C%2Fsvg%3E\" loading=\"eager\"><\/span><span class=\"fg-image-overlay\"><\/span><\/a><\/figure><div class=\"fg-loader\"><\/div><\/div><\/div>\n","protected":false},"excerpt":{"rendered":"<p>\u201eDeutschland sucht das SuperMusical\u201c Im Schuljahr 2012\/2013 f\u00fchrte die Musical-AG unter der Leitung von Frau Litzinger und Herrn Klein \u201eDeutschland sucht das SuperMusical\u201c auf. Unter diesem Namen pr\u00e4sentierten die Sch\u00fclerinnen &#8230;<\/p>\n","protected":false},"author":1,"featured_media":0,"parent":0,"menu_order":0,"comment_status":"closed","ping_status":"closed","template":"","meta":{"footnotes":""},"class_list":["post-487","page","type-page","status-publish","hentry"],"_links":{"self":[{"href":"https:\/\/max-planck-realschule-koeln.de\/index.php?rest_route=\/wp\/v2\/pages\/487","targetHints":{"allow":["GET"]}}],"collection":[{"href":"https:\/\/max-planck-realschule-koeln.de\/index.php?rest_route=\/wp\/v2\/pages"}],"about":[{"href":"https:\/\/max-planck-realschule-koeln.de\/index.php?rest_route=\/wp\/v2\/types\/page"}],"author":[{"embeddable":true,"href":"https:\/\/max-planck-realschule-koeln.de\/index.php?rest_route=\/wp\/v2\/users\/1"}],"replies":[{"embeddable":true,"href":"https:\/\/max-planck-realschule-koeln.de\/index.php?rest_route=%2Fwp%2Fv2%2Fcomments&post=487"}],"version-history":[{"count":9,"href":"https:\/\/max-planck-realschule-koeln.de\/index.php?rest_route=\/wp\/v2\/pages\/487\/revisions"}],"predecessor-version":[{"id":2813,"href":"https:\/\/max-planck-realschule-koeln.de\/index.php?rest_route=\/wp\/v2\/pages\/487\/revisions\/2813"}],"wp:attachment":[{"href":"https:\/\/max-planck-realschule-koeln.de\/index.php?rest_route=%2Fwp%2Fv2%2Fmedia&parent=487"}],"curies":[{"name":"wp","href":"https:\/\/api.w.org\/{rel}","templated":true}]}}