{"id":474,"date":"2019-02-26T10:31:39","date_gmt":"2019-02-26T10:31:39","guid":{"rendered":"http:\/\/homepageag.max-planck-realschule-koeln.de\/?page_id=474"},"modified":"2021-09-30T15:13:44","modified_gmt":"2021-09-30T15:13:44","slug":"berufsberatung","status":"publish","type":"page","link":"https:\/\/max-planck-realschule-koeln.de\/?page_id=474","title":{"rendered":"Berufsberatung"},"content":{"rendered":"\n<p>Ein Konzept zur Berufswahlorientierung besteht seit vielen Jahren und wird st\u00e4ndig erweitert und aktualisiert. Es beginnt in der Jahrgangsstufe 8 und erstreckt sich bis zum Ende der Stufe 10. In diesen drei Jahren arbeiten Lehrkr\u00e4fte der Schule eng zusammen mit der Berufsberatung der Agentur f\u00fcr Arbeit und mit verschiedenen Ansprechpartnern aus Wirtschaft und Schule, um den Sch\u00fclern breit angelegte Informationen und Kompetenzen in den Bereichen Bewerbung und Berufswahl zu vermitteln. Bewerbungstrainings und Praktika runden die Angebote ab, indem sie Kontakte zu au\u00dferschulischen Partnern herstellen.<br>Die Schule nimmt seit dem Schuljahr 2016\/17 an dem Landesprogramm KAOA teil.<\/p>\n\n\n\n<p>Weitere Informationen \u00fcber die Berufsberatung in den einzelnen Jahrgangsstufen finden Sie im Schulprogramm unter dem Punkt <a href=\"https:\/\/max-planck-realschule-koeln.de\/?page_id=1221\">Berufswahlorientierung<strong>.<\/strong><\/a><\/p>\n\n\n\n<div class=\"wp-block-file\"><a href=\"https:\/\/max-planck-realschule-koeln.de\/wp-content\/uploads\/2020\/09\/BO-Curriculum-MPR-2020-Endfassung-14.9.2020-1.pdf\">BO-Curriculum-MPR-2020-Endfassung-14.9.2020-1<\/a><a href=\"https:\/\/max-planck-realschule-koeln.de\/wp-content\/uploads\/2020\/09\/BO-Curriculum-MPR-2020-Endfassung-14.9.2020-1.pdf\" class=\"wp-block-file__button\" download>Herunterladen<\/a><\/div>\n\n\n\n<p>Folgende Links dienen zur Unterst\u00fctzung der Sch\u00fclerinnen und Sch\u00fcler bei der Berufswahlorientierung.<br><a href=\"https:\/\/www.bildung.koeln.de\/berufswahl\/koko\/\">KAoA ab Klasse 8<\/a><br><a href=\"https:\/\/www.bwp-nrw.de\/los-gehts\/\">Berufswahlpass &#8211; NRW<\/a><br><a href=\"http:\/\/www.berufsorientierung-nrw.de\/start\/index.html\">Berufswahlorientierung &#8211; NRW<\/a><br><a href=\"https:\/\/www.azubica.de\">Ausbildungskompass &#8211; K\u00f6ln<\/a><br><a href=\"https:\/\/www.azubimap.de\/\">Azubimap<\/a><br><a href=\"https:\/\/www.arbeitsagentur.de\/bildung\">Arbeitsagentur<\/a><br><a href=\"http:\/\/www.ib-freiwilligendienste.de\">Freiwilliges Soziales Jahr (FSJ)<\/a> beim IB<br><a href=\"http:\/\/www.ib-freiwilligendienste.de\">Bundesfreiwilligendienst (BFD)<\/a> beim IB<br><a href=\"https:\/\/www.ausbildungspark.com\/einstellungstest\/\">Ausbildungspark<\/a><br><a href=\"https:\/\/karriere.nrw\/\">Karriere NRW<\/a><br><a href=\"https:\/\/www.jobb\u00f6rse.de\/\">Jobb\u00f6rse<\/a><br><a href=\"http:\/\/www.metajob.de\/Ausbildung-koeln.de\">METAJob<\/a><br><a href=\"https:\/\/www.azubiyo.de\/stellenmarkt\/?embed=schule-79b2-4f23-8311\">Stellenfinder: AZUBIYO<\/a><\/p>\n","protected":false},"excerpt":{"rendered":"<p>Ein Konzept zur Berufswahlorientierung besteht seit vielen Jahren und wird st\u00e4ndig erweitert und aktualisiert. Es beginnt in der Jahrgangsstufe 8 und erstreckt sich bis zum Ende der Stufe 10. In &#8230;<\/p>\n","protected":false},"author":1,"featured_media":572,"parent":0,"menu_order":0,"comment_status":"closed","ping_status":"closed","template":"","meta":{"footnotes":""},"class_list":["post-474","page","type-page","status-publish","has-post-thumbnail","hentry"],"_links":{"self":[{"href":"https:\/\/max-planck-realschule-koeln.de\/index.php?rest_route=\/wp\/v2\/pages\/474","targetHints":{"allow":["GET"]}}],"collection":[{"href":"https:\/\/max-planck-realschule-koeln.de\/index.php?rest_route=\/wp\/v2\/pages"}],"about":[{"href":"https:\/\/max-planck-realschule-koeln.de\/index.php?rest_route=\/wp\/v2\/types\/page"}],"author":[{"embeddable":true,"href":"https:\/\/max-planck-realschule-koeln.de\/index.php?rest_route=\/wp\/v2\/users\/1"}],"replies":[{"embeddable":true,"href":"https:\/\/max-planck-realschule-koeln.de\/index.php?rest_route=%2Fwp%2Fv2%2Fcomments&post=474"}],"version-history":[{"count":15,"href":"https:\/\/max-planck-realschule-koeln.de\/index.php?rest_route=\/wp\/v2\/pages\/474\/revisions"}],"predecessor-version":[{"id":1913,"href":"https:\/\/max-planck-realschule-koeln.de\/index.php?rest_route=\/wp\/v2\/pages\/474\/revisions\/1913"}],"wp:featuredmedia":[{"embeddable":true,"href":"https:\/\/max-planck-realschule-koeln.de\/index.php?rest_route=\/wp\/v2\/media\/572"}],"wp:attachment":[{"href":"https:\/\/max-planck-realschule-koeln.de\/index.php?rest_route=%2Fwp%2Fv2%2Fmedia&parent=474"}],"curies":[{"name":"wp","href":"https:\/\/api.w.org\/{rel}","templated":true}]}}