{"id":284,"date":"2019-02-22T10:32:36","date_gmt":"2019-02-22T10:32:36","guid":{"rendered":"http:\/\/homepageag.max-planck-realschule-koeln.de\/?page_id=284"},"modified":"2019-02-25T19:53:46","modified_gmt":"2019-02-25T19:53:46","slug":"porz-gegen-gewalt","status":"publish","type":"page","link":"https:\/\/max-planck-realschule-koeln.de\/?page_id=284","title":{"rendered":"Porz gegen Gewalt"},"content":{"rendered":"\n<p>Mit dabei \u2013 gegen Gewalt in Porz<\/p>\n\n\n\n<p>NEIN zu Gewalt unter Jugendlichen, Gewalt in der Schule, in der Erziehung! Seit M\u00e4rz 2000 besteht im Stadtteil Porz der Runde Tisch gegen Gewalt \u2013 ein Netzwerk zur Gewaltvorbeugung zwischen dem Bezirksjugendamt, der Polizeiinspektion Porz und allen 11 Porzer weiterf\u00fchrenden Schulen. Gemeinsam sind Angebote zur Gewaltpr\u00e4vention entwickelt worden, es entstand das Projekt \u201aPorz gegen Gewalt\u2019, dass in Teilbereichen von der Universit\u00e4t K\u00f6ln wissenschaftlich begleitet wurde.<br>Wie werden wir eine Schule ohne Angst? Wie l\u00f6sen wir Konflikte untereinander, in der Schule, zu Hause ohne Gewalt? Aktionen zur Gewaltvorbeugung gab es bei allen beteiligten Institutionen bereits, aber bis dahin galt: jeder f\u00fcr sich \u2013 selbst benachbarte Schulen tauschten ihre Konzepte kaum aus, bei Ma\u00dfnahmen der Schule und des Jugendamtes fehlten zu oft die Absprachen. Durch den \u201aRunden Tisch\u2019 wurden die einzelnen Bausteine nun koordiniert, verbindliche Angebote entwickelt. <\/p>\n\n\n\n<p>Hier einige Beispiele: <br>Das Jugendamt Porz benennt feste Ansprechpartner des ASD (allgemeiner sozialer Dienst) f\u00fcr jede Schule, bietet Fortbildungsveranstaltungen, Elternabende, Sprechstunden in der Schule an\u2026<br>Die jeweiligen Bezirksbeamten der Polizei Porz bauen einen Dauerkontakt auf zu ihren Schulen, indem sie sich im Unterricht den Klassen vorstellen, im Schulumfeld h\u00e4ufig pr\u00e4sent und so f\u00fcr die Sch\u00fclerinnen und Sch\u00fcler ansprechbar sind\u2026<br>Die beteiligten Schulen entwickeln eigene Bausteine wie\u201a Streitschlichtung durch Sch\u00fcler\u2019, \u201asoziales Lernen\u2019, themenbezogene Unterrichtsprojekte\u2026<\/p>\n\n\n\n<p>Und es gibt noch mehr! In regelm\u00e4\u00dfigen Sitzungen treffen sich die Schulleitungen der 11 und der Polizei seit nunmehr 5 Jahren und haben u.a. folgende Aktionen gemeinsam konzipiert: das gro\u00dfe Open Air Konzert in Z\u00fcndorf zum Abschluss der Gewaltpr\u00e4ventionswoche in den Schulen die Fachveranstaltung f\u00fcr Eltern und P\u00e4dagogen im Bezirksrathaus Porz Malwettbewerbe sowie Theaterauff\u00fchrungen und Dichterlesungen f\u00fcr Sch\u00fclerinnen und Sch\u00fcler den Aktionstag in der Porzer Innenstadt mit Sternlauf von allen 11 Schulen dorthin die Internetpr\u00e4sentation unter der Schirmherrschaft von Herrn Regierungspr\u00e4sident Roters den Workshop f\u00fcr Lehrerinnen und Lehrer, Mitarbeiter des ASD und Vertretern der Polizei zu den Themen Waffen, Drogen, Gewalt in Familien und sexueller Missbrauch.<br>Erste Ergebnisse dieser erfolgreichen Zusammenarbeit zwischen Schulen, Jugendamt und Polizei hier in Porz wurden letztes Jahr einer Europarat-Delegation vorgestellt im Rahmen eines EU-Projektes zur Gewaltpr\u00e4vention.<\/p>\n","protected":false},"excerpt":{"rendered":"<p>Mit dabei \u2013 gegen Gewalt in Porz NEIN zu Gewalt unter Jugendlichen, Gewalt in der Schule, in der Erziehung! Seit M\u00e4rz 2000 besteht im Stadtteil Porz der Runde Tisch gegen &#8230;<\/p>\n","protected":false},"author":1,"featured_media":0,"parent":0,"menu_order":0,"comment_status":"closed","ping_status":"closed","template":"","meta":{"footnotes":""},"class_list":["post-284","page","type-page","status-publish","hentry"],"_links":{"self":[{"href":"https:\/\/max-planck-realschule-koeln.de\/index.php?rest_route=\/wp\/v2\/pages\/284","targetHints":{"allow":["GET"]}}],"collection":[{"href":"https:\/\/max-planck-realschule-koeln.de\/index.php?rest_route=\/wp\/v2\/pages"}],"about":[{"href":"https:\/\/max-planck-realschule-koeln.de\/index.php?rest_route=\/wp\/v2\/types\/page"}],"author":[{"embeddable":true,"href":"https:\/\/max-planck-realschule-koeln.de\/index.php?rest_route=\/wp\/v2\/users\/1"}],"replies":[{"embeddable":true,"href":"https:\/\/max-planck-realschule-koeln.de\/index.php?rest_route=%2Fwp%2Fv2%2Fcomments&post=284"}],"version-history":[{"count":2,"href":"https:\/\/max-planck-realschule-koeln.de\/index.php?rest_route=\/wp\/v2\/pages\/284\/revisions"}],"predecessor-version":[{"id":440,"href":"https:\/\/max-planck-realschule-koeln.de\/index.php?rest_route=\/wp\/v2\/pages\/284\/revisions\/440"}],"wp:attachment":[{"href":"https:\/\/max-planck-realschule-koeln.de\/index.php?rest_route=%2Fwp%2Fv2%2Fmedia&parent=284"}],"curies":[{"name":"wp","href":"https:\/\/api.w.org\/{rel}","templated":true}]}}