{"id":282,"date":"2019-02-22T10:32:16","date_gmt":"2019-02-22T10:32:16","guid":{"rendered":"http:\/\/homepageag.max-planck-realschule-koeln.de\/?page_id=282"},"modified":"2025-11-22T19:06:05","modified_gmt":"2025-11-22T19:06:05","slug":"foerderverein","status":"publish","type":"page","link":"https:\/\/max-planck-realschule-koeln.de\/?page_id=282","title":{"rendered":"F\u00f6rderverein"},"content":{"rendered":"\n<figure class=\"wp-block-image size-full\"><img loading=\"lazy\" decoding=\"async\" width=\"2048\" height=\"2048\" src=\"https:\/\/max-planck-realschule-koeln.de\/wp-content\/uploads\/2025\/11\/63282246-68ab-4c36-87bd-2e4f49c95f15.jpeg\" alt=\"\" class=\"wp-image-2978\" srcset=\"https:\/\/max-planck-realschule-koeln.de\/wp-content\/uploads\/2025\/11\/63282246-68ab-4c36-87bd-2e4f49c95f15.jpeg 2048w, https:\/\/max-planck-realschule-koeln.de\/wp-content\/uploads\/2025\/11\/63282246-68ab-4c36-87bd-2e4f49c95f15-300x300.jpeg 300w, https:\/\/max-planck-realschule-koeln.de\/wp-content\/uploads\/2025\/11\/63282246-68ab-4c36-87bd-2e4f49c95f15-1024x1024.jpeg 1024w, https:\/\/max-planck-realschule-koeln.de\/wp-content\/uploads\/2025\/11\/63282246-68ab-4c36-87bd-2e4f49c95f15-150x150.jpeg 150w, https:\/\/max-planck-realschule-koeln.de\/wp-content\/uploads\/2025\/11\/63282246-68ab-4c36-87bd-2e4f49c95f15-768x768.jpeg 768w, https:\/\/max-planck-realschule-koeln.de\/wp-content\/uploads\/2025\/11\/63282246-68ab-4c36-87bd-2e4f49c95f15-1536x1536.jpeg 1536w\" sizes=\"auto, (max-width: 2048px) 100vw, 2048px\" \/><\/figure>\n\n\n\n<p><br>(v.l.:) S. Klein (Schriftf\u00fchrer), P. Schmidt (Kassiererin), S. Sabina ( 1. Vorsitzende), D. Gillet (2. Vorsitzender)<\/p>\n\n\n\n<p><strong>Aufgaben des F\u00f6rdervereins<br \/><\/strong>K\u00f6nnen Sie sich vorstellen, den F\u00f6rderverein unserer Schule zu unterst\u00fctzen?\u00a0<br \/>Der F\u00f6rderverein der Max-Planck-Realschule erm\u00f6glicht durch die tatkr\u00e4ftige Mitarbeit und finanzielle Hilfe seiner Mitglieder eine verbesserte Ausstattung der Schule und eine attraktivere Gestaltung unseres Schullebens. Oder: Ohne F\u00f6rderverein keine Basketballk\u00f6rbe, keine Tischtennisplatten, keine moderne Ausstattung des Computerraumes, kein Videobeamer, keine Lichtorgel, keine B\u00fchne, kein Schlagzeug, keine Keyboards usw. <br \/>Der F\u00f6rderverein hilft au\u00dferdem bei der Neuanschaffung von Schulb\u00fcchern, bei der Durchf\u00fchrung von Klassenfahrten und vielem mehr&#8230;.<br \/>Wenn Sie uns unterst\u00fctzen m\u00f6chten, treten Sie doch unserem F\u00f6rderverein bei. Sie k\u00f6nnen die Beitrittserkl\u00e4rung auch online aufrufen, ausdrucken, ausf\u00fcllen und an das Sekretariat der Max-Planck-Realschule senden.<\/p>\n\n\n\n\n\n<div class=\"wp-block-file\"><a id=\"wp-block-file--media-7011e8e6-3e18-4d92-a56e-befb9c238275\" href=\"https:\/\/max-planck-realschule-koeln.de\/wp-content\/uploads\/2019\/02\/Eintrittserklaerung.pdf\">Eintrittserkl\u00e4rung<\/a><a href=\"https:\/\/max-planck-realschule-koeln.de\/wp-content\/uploads\/2019\/02\/Eintrittserklaerung.pdf\" class=\"wp-block-file__button wp-element-button\" download aria-describedby=\"wp-block-file--media-7011e8e6-3e18-4d92-a56e-befb9c238275\">Herunterladen<\/a><\/div>\n\n\n\n<div class=\"wp-block-file\"><a id=\"wp-block-file--media-2174349b-98ba-47f5-a53c-7400a982f2de\" href=\"https:\/\/max-planck-realschule-koeln.de\/wp-content\/uploads\/2019\/02\/Satzung.pdf\">Satzung<\/a><a href=\"https:\/\/max-planck-realschule-koeln.de\/wp-content\/uploads\/2019\/02\/Satzung.pdf\" class=\"wp-block-file__button wp-element-button\" download aria-describedby=\"wp-block-file--media-2174349b-98ba-47f5-a53c-7400a982f2de\">Herunterladen<\/a><\/div>\n\n\n","protected":false},"excerpt":{"rendered":"<p>(v.l.:) S. Klein (Schriftf\u00fchrer), P. Schmidt (Kassiererin), S. Sabina ( 1. Vorsitzende), D. Gillet (2. Vorsitzender) Aufgaben des F\u00f6rdervereinsK\u00f6nnen Sie sich vorstellen, den F\u00f6rderverein unserer Schule zu unterst\u00fctzen?\u00a0Der F\u00f6rderverein der &#8230;<\/p>\n","protected":false},"author":1,"featured_media":0,"parent":0,"menu_order":0,"comment_status":"closed","ping_status":"closed","template":"","meta":{"footnotes":""},"class_list":["post-282","page","type-page","status-publish","hentry"],"_links":{"self":[{"href":"https:\/\/max-planck-realschule-koeln.de\/index.php?rest_route=\/wp\/v2\/pages\/282","targetHints":{"allow":["GET"]}}],"collection":[{"href":"https:\/\/max-planck-realschule-koeln.de\/index.php?rest_route=\/wp\/v2\/pages"}],"about":[{"href":"https:\/\/max-planck-realschule-koeln.de\/index.php?rest_route=\/wp\/v2\/types\/page"}],"author":[{"embeddable":true,"href":"https:\/\/max-planck-realschule-koeln.de\/index.php?rest_route=\/wp\/v2\/users\/1"}],"replies":[{"embeddable":true,"href":"https:\/\/max-planck-realschule-koeln.de\/index.php?rest_route=%2Fwp%2Fv2%2Fcomments&post=282"}],"version-history":[{"count":13,"href":"https:\/\/max-planck-realschule-koeln.de\/index.php?rest_route=\/wp\/v2\/pages\/282\/revisions"}],"predecessor-version":[{"id":2985,"href":"https:\/\/max-planck-realschule-koeln.de\/index.php?rest_route=\/wp\/v2\/pages\/282\/revisions\/2985"}],"wp:attachment":[{"href":"https:\/\/max-planck-realschule-koeln.de\/index.php?rest_route=%2Fwp%2Fv2%2Fmedia&parent=282"}],"curies":[{"name":"wp","href":"https:\/\/api.w.org\/{rel}","templated":true}]}}