{"id":2817,"date":"2025-02-21T11:39:48","date_gmt":"2025-02-21T11:39:48","guid":{"rendered":"https:\/\/max-planck-realschule-koeln.de\/?page_id=2817"},"modified":"2026-04-14T05:58:23","modified_gmt":"2026-04-14T05:58:23","slug":"musical-2026","status":"publish","type":"page","link":"https:\/\/max-planck-realschule-koeln.de\/?page_id=2817","title":{"rendered":"Musicalauff\u00fchrung 2026: Arabische N\u00e4chte 24.\/25.\/26. Juni 2026 im Rathaussaal Porz"},"content":{"rendered":"\n<figure class=\"wp-block-image size-large\"><img loading=\"lazy\" decoding=\"async\" width=\"683\" height=\"1024\" src=\"https:\/\/max-planck-realschule-koeln.de\/wp-content\/uploads\/2026\/04\/Plakat-2026-final-683x1024.jpg\" alt=\"\" class=\"wp-image-3025\" srcset=\"https:\/\/max-planck-realschule-koeln.de\/wp-content\/uploads\/2026\/04\/Plakat-2026-final-683x1024.jpg 683w, https:\/\/max-planck-realschule-koeln.de\/wp-content\/uploads\/2026\/04\/Plakat-2026-final-200x300.jpg 200w, https:\/\/max-planck-realschule-koeln.de\/wp-content\/uploads\/2026\/04\/Plakat-2026-final-768x1152.jpg 768w, https:\/\/max-planck-realschule-koeln.de\/wp-content\/uploads\/2026\/04\/Plakat-2026-final.jpg 1024w\" sizes=\"auto, (max-width: 683px) 100vw, 683px\" \/><\/figure>\n\n\n\n<p><span data-ccp-props=\"{&quot;201341983&quot;:0,&quot;335551550&quot;:6,&quot;335551620&quot;:6,&quot;335559739&quot;:140,&quot;335559740&quot;:276}\">\u00a0<\/span><\/p>\n<p><span data-contrast=\"auto\">Die\u00a0<\/span><i><span data-contrast=\"auto\">Musical-AG der Max-Planck-Realschule in K\u00f6ln-Porz<\/span><\/i><span data-contrast=\"auto\">\u00a0ist eine kreative Arbeitsgemeinschaft, die Sch\u00fclerinnen und Sch\u00fcler der Klassen 5-10 seit \u00fcber 10 Jahren\u00a0zusammenbringt.<\/span><span data-ccp-props=\"{&quot;201341983&quot;:0,&quot;335551550&quot;:6,&quot;335551620&quot;:6,&quot;335559739&quot;:140,&quot;335559740&quot;:276}\">\u00a0<\/span><\/p>\n<p><span data-contrast=\"auto\">Bereits seit 2014 f\u00fchrt die AG ihre Produktionen im Rathaussaal auf. Sp\u00e4testens nach dem Erfolg von\u00a0<\/span><i><span data-contrast=\"auto\">\u201eIm Bann der Vampire\u201c<\/span><\/i><span data-contrast=\"auto\">, einer schaurig-sch\u00f6nen Adaption von \u201eTanz der Vampire\u201c im Juni 2024, ist die AG l\u00e4ngst kein Geheimtipp mehr. Mit aufwendigen Kost\u00fcmen, selbstgebauten Kulissen, hochwertiger Musik und jeder Menge Herzblut haben \u00fcber 100 Sch\u00fcler*innen das Publikum begeistert \u2013 Standing Ovations inklusive.<\/span><span data-ccp-props=\"{&quot;201341983&quot;:0,&quot;335551550&quot;:6,&quot;335551620&quot;:6,&quot;335559739&quot;:140,&quot;335559740&quot;:276}\">\u00a0<\/span><\/p>\n<p><span data-contrast=\"auto\">Mit dem neusten Projekt\u00a0<\/span><i><span data-contrast=\"auto\">\u201eArabische N\u00e4chte\u201c<\/span><\/i><span data-contrast=\"auto\">\u00a0steht bereits das n\u00e4chste musikalische Abenteuer in den Startl\u00f6chern und die Sch\u00fcler*innen verwandeln in drei Auff\u00fchrungen den Rathaussaal in ein M\u00e4rchen aus 1001 Nacht. In Anlehnung an das Musical \u201eAladdin\u201c haben die Sch\u00fcler*innen mit ihren Lehrerinnen und Lehrern wieder ein mitrei\u00dfendes Musical mit eigenem Drehbuch und selbst produzierter Musik geschaffen \u2013 fliegender Teppich und Wunderlampe inklusive.<\/span><span data-ccp-props=\"{&quot;201341983&quot;:0,&quot;335551550&quot;:6,&quot;335551620&quot;:6,&quot;335559739&quot;:140,&quot;335559740&quot;:276}\">\u00a0<\/span><\/p>\n<p><span data-contrast=\"auto\">Jeden Freitagnachmittag sowie in zus\u00e4tzlichen AG-Stunden &#8211; auch teils am Wochenende &#8211; wird intensiv geprobt, gesungen, getanzt und geschauspielert. Neben der B\u00fchne engagieren sich die Jugendlichen auch immer handwerklich und gestalterisch \u2013 etwa beim Bau von Kulissen, der Anfertigung von Kost\u00fcmen oder der technischen Umsetzung von Licht und Ton durch die\u00a0<\/span><i><span data-contrast=\"auto\">Technik-AG<\/span><\/i><span data-contrast=\"auto\">. Durch das Engagement von Sch\u00fcler*innen, Lehrer*innen und Eltern sind die Musicals der Max-Planck-Realschule ein wahres Gemeinschaftsprojekt, welche das Schulleben immens bereichern und pr\u00e4gen. Die Musical-AG bleibt damit ein kreatives Herzst\u00fcck der Schulgemeinschaft und ein Ort, an dem Teamgeist, k\u00fcnstlerischer Ausdruck und Leidenschaft aufeinandertreffen.<\/span><span data-ccp-props=\"{&quot;201341983&quot;:0,&quot;335551550&quot;:6,&quot;335551620&quot;:6,&quot;335559739&quot;:140,&quot;335559740&quot;:276}\">\u00a0<\/span><\/p>\n<p><span data-contrast=\"auto\">Seit mehreren Jahren wird die AG durch den schulischen F\u00f6rderverein, den B\u00fcrgerverein Porz, die Stiftung \u201eEin Herz lacht\u201c, den Lions Club Constantinus und private Spender finanziell unterst\u00fctzt.<\/span><span data-ccp-props=\"{&quot;201341983&quot;:0,&quot;335551550&quot;:6,&quot;335551620&quot;:6,&quot;335559739&quot;:140,&quot;335559740&quot;:276}\">\u00a0<\/span><\/p>\n<p><b><span data-contrast=\"auto\">\u201eArabische N\u00e4chte\u201c<\/span><\/b><span data-contrast=\"auto\"> ist eine Schulauff\u00fchrung f\u00fcr Sch\u00fcler*innen, Lehrer*innen, Eltern, Freunde und F\u00f6rderer der Max-Planck-Realschule. Kostenlose Eintrittskarten f\u00fcr die Vorstellungen am 24.\/25.\/26. juni 2026 sind \u00fcber das Sekretariat der Schule oder die Mitwirkenden Sch\u00fcler*innen und lehrer*innen erh\u00e4ltlich.\u00a0<\/span><\/p>\n<p>F\u00fcr alle Klassen wird es am Vormittag Sch\u00fclerauff\u00fchrungen geben. Weitere Infos hierzu folgen.<\/p>\n<p>Wir freuen uns auf Ihren\/euren Besuch!<\/p>\n<p>\u00a0<\/p>\n\n\n\n\n\n\n","protected":false},"excerpt":{"rendered":"<p>\u00a0 Die\u00a0Musical-AG der Max-Planck-Realschule in K\u00f6ln-Porz\u00a0ist eine kreative Arbeitsgemeinschaft, die Sch\u00fclerinnen und Sch\u00fcler der Klassen 5-10 seit \u00fcber 10 Jahren\u00a0zusammenbringt.\u00a0 Bereits seit 2014 f\u00fchrt die AG ihre Produktionen im Rathaussaal &#8230;<\/p>\n","protected":false},"author":1,"featured_media":0,"parent":0,"menu_order":0,"comment_status":"closed","ping_status":"closed","template":"","meta":{"footnotes":""},"class_list":["post-2817","page","type-page","status-publish","hentry"],"_links":{"self":[{"href":"https:\/\/max-planck-realschule-koeln.de\/index.php?rest_route=\/wp\/v2\/pages\/2817","targetHints":{"allow":["GET"]}}],"collection":[{"href":"https:\/\/max-planck-realschule-koeln.de\/index.php?rest_route=\/wp\/v2\/pages"}],"about":[{"href":"https:\/\/max-planck-realschule-koeln.de\/index.php?rest_route=\/wp\/v2\/types\/page"}],"author":[{"embeddable":true,"href":"https:\/\/max-planck-realschule-koeln.de\/index.php?rest_route=\/wp\/v2\/users\/1"}],"replies":[{"embeddable":true,"href":"https:\/\/max-planck-realschule-koeln.de\/index.php?rest_route=%2Fwp%2Fv2%2Fcomments&post=2817"}],"version-history":[{"count":10,"href":"https:\/\/max-planck-realschule-koeln.de\/index.php?rest_route=\/wp\/v2\/pages\/2817\/revisions"}],"predecessor-version":[{"id":3029,"href":"https:\/\/max-planck-realschule-koeln.de\/index.php?rest_route=\/wp\/v2\/pages\/2817\/revisions\/3029"}],"wp:attachment":[{"href":"https:\/\/max-planck-realschule-koeln.de\/index.php?rest_route=%2Fwp%2Fv2%2Fmedia&parent=2817"}],"curies":[{"name":"wp","href":"https:\/\/api.w.org\/{rel}","templated":true}]}}