{"id":278,"date":"2019-02-22T10:30:17","date_gmt":"2019-02-22T10:30:17","guid":{"rendered":"http:\/\/homepageag.max-planck-realschule-koeln.de\/?page_id=278"},"modified":"2026-01-13T08:50:14","modified_gmt":"2026-01-13T08:50:14","slug":"schulsozialarbeit","status":"publish","type":"page","link":"https:\/\/max-planck-realschule-koeln.de\/?page_id=278","title":{"rendered":"Schulsozialarbeit"},"content":{"rendered":"\n<p>Schulsozialarbeit ist ein Jugendhilfeangebot der  Stadt K\u00f6ln an mehr als 100 K\u00f6lner Schulen. Das Ziel von  Schulsozialarbeit besteht darin, durch die enge Zusammenarbeit von  Jugendhilfe und Schule, Kinder und Jugendliche in ihrer individuellen  und sozialen Entwicklung zu unterst\u00fctzen und zu f\u00f6rdern. <br>Zu den Aufgaben der Schulsozialarbeit geh\u00f6ren:<br>&#8211; Die Beratung und Unterst\u00fctzung f\u00fcr Sch\u00fcler (Beratung, Hilfe in Krisensituationen und Kl\u00e4rung von Konflikten)<br>&#8211; Angebote f\u00fcr Eltern (Beratung, Unterst\u00fctzung)<br>&#8211; Informationsweitergabe, Beratung und Hilfe beim Bildungs- und Teilhabepaket<br>&#8211; Beratung und Unterst\u00fctzung der Lehrer (gemeinsame Elterngespr\u00e4che, Gespr\u00e4che mit Sch\u00fclern)<br>&#8211; Kooperation mit au\u00dferschulischen Institutionen, wie Beratungsstellen, ASD (Jugendamt), Jugendzentren etc.<br>&#8211;  Sozialp\u00e4dagogische Angebote f\u00fcr Gruppen und Klassen (Soziales Lernen,  Selbstbehauptungstraining, M\u00e4dchengruppen, Berufszielfindung etc.)<br>&#8211; Themenbezogene Projekte (Gewalt-, Suchtpr\u00e4vention, Anti-Mobbing-Programme etc.)<\/p>\n\n\n\n<p>Die Kontaktdaten unserer <strong>Schulsozialarbeiterinnen<\/strong>: <\/p>\n\n\n\n<p><strong> Frau Licht (<\/strong>Telefon: 02203\/ 8920 92 33 oder Diensthandy: 0152 57914726, E-Mail: anna.licht@stadt-koeln.de, Raum D205)<\/p>\n<p><strong>Frau Ziskoven<\/strong> (Telefon: 02203\/ 8920 92 33, E-Mail: yasmin.ziskoven@stadt-koeln.de, Raum D205)&nbsp;<\/p>\n\n\n\n<p>\u00a0<\/p>\n<p>\u00a0<\/p>\n\n\n\n<h3>Sprechstunde vom Schulpsychologischen Dienst in der Schule:<\/h3>\n<p><b>(aktuelle Termine und Terminvereinbarungen erfragen Sie bitte telefonisch \u00fcber die Schulsozialarbeiterin Frau Licht: Tel.: 015257914726, E-Mail: anna.licht@stadt-koeln.de)<\/b><\/p>\n<p>Themen der schulpsychologischen Beratung k\u00f6nnen z.B. sein:<\/p>\n<table style=\"width: 100%; height: 261px;\">\n<tbody>\n<tr style=\"height: 40px;\">\n<td style=\"height: 40px;\" width=\"302\">\n<p><strong>Lernen und Leistung<\/strong><\/p>\n<\/td>\n<td style=\"height: 40px;\" width=\"302\">\n<p><strong>Soziale und emotionale Entwicklung<\/strong><\/p>\n<\/td>\n<\/tr>\n<tr style=\"height: 221px;\">\n<td style=\"height: 221px;\" width=\"302\">\n<ul>\n<li>Lese-, Rechtschreib-, Rechenschwierigkeiten<\/li>\n<li>Besondere Begabung&nbsp;<\/li>\n<li>Konzentration und Aufmerksamkeit<\/li>\n<li>Motivation<\/li>\n<li>Hausaufgaben<\/li>\n<\/ul>\n<\/td>\n<td style=\"height: 221px;\" width=\"302\">\n<ul>\n<li>Soziale Integration in der Schule<\/li>\n<li>(Cyber-) Mobbing<\/li>\n<li>Konflikte in der Schule<\/li>\n<li>Schulabsentismus<\/li>\n<li>Pr\u00fcfungsangst<\/li>\n<\/ul>\n<p>&nbsp;<\/p>\n<\/td>\n<\/tr>\n<\/tbody>\n<\/table>\n<p>&nbsp;<\/p>\n\n\n\n\n\n<div class=\"wp-block-file\"><a id=\"wp-block-file--media-511209f8-9fc3-4a41-9712-57ae92633c58\" href=\"https:\/\/max-planck-realschule-koeln.de\/wp-content\/uploads\/2026\/01\/Schulinterne-Beratungsangebote-an-der-MPR-2.pdf\">Schulinterne Beratungsangebote an der MPR<\/a><a href=\"https:\/\/max-planck-realschule-koeln.de\/wp-content\/uploads\/2026\/01\/Schulinterne-Beratungsangebote-an-der-MPR-2.pdf\" class=\"wp-block-file__button wp-element-button\" download aria-describedby=\"wp-block-file--media-511209f8-9fc3-4a41-9712-57ae92633c58\">Herunterladen<\/a><\/div>\n\n\n\n<figure class=\"wp-block-image size-full\"><img loading=\"lazy\" decoding=\"async\" width=\"645\" height=\"922\" src=\"https:\/\/max-planck-realschule-koeln.de\/wp-content\/uploads\/2026\/01\/Schulsozialarbeit-Beratungsangebote-in-der-Schule-2.jpg\" alt=\"\" class=\"wp-image-2999\" srcset=\"https:\/\/max-planck-realschule-koeln.de\/wp-content\/uploads\/2026\/01\/Schulsozialarbeit-Beratungsangebote-in-der-Schule-2.jpg 645w, https:\/\/max-planck-realschule-koeln.de\/wp-content\/uploads\/2026\/01\/Schulsozialarbeit-Beratungsangebote-in-der-Schule-2-210x300.jpg 210w\" sizes=\"auto, (max-width: 645px) 100vw, 645px\" \/><\/figure>\n\n\n\n<div class=\"wp-block-file\"><a id=\"wp-block-file--media-6dd73b56-c3b5-47ce-aab4-62d6939e07c3\" href=\"https:\/\/max-planck-realschule-koeln.de\/wp-content\/uploads\/2026\/01\/Uebersicht-Hilfsangebote-extern.pdf\">\u00dcbersicht Hilfsangebote extern<\/a><a href=\"https:\/\/max-planck-realschule-koeln.de\/wp-content\/uploads\/2026\/01\/Uebersicht-Hilfsangebote-extern.pdf\" class=\"wp-block-file__button wp-element-button\" download aria-describedby=\"wp-block-file--media-6dd73b56-c3b5-47ce-aab4-62d6939e07c3\">Herunterladen<\/a><\/div>\n\n\n\n<figure class=\"wp-block-image size-full\"><img loading=\"lazy\" decoding=\"async\" width=\"669\" height=\"947\" src=\"https:\/\/max-planck-realschule-koeln.de\/wp-content\/uploads\/2026\/01\/Schulsozialarbeit-Beratungsangebote-extern-1.jpg\" alt=\"\" class=\"wp-image-3000\" srcset=\"https:\/\/max-planck-realschule-koeln.de\/wp-content\/uploads\/2026\/01\/Schulsozialarbeit-Beratungsangebote-extern-1.jpg 669w, https:\/\/max-planck-realschule-koeln.de\/wp-content\/uploads\/2026\/01\/Schulsozialarbeit-Beratungsangebote-extern-1-212x300.jpg 212w\" sizes=\"auto, (max-width: 669px) 100vw, 669px\" \/><\/figure>\n","protected":false},"excerpt":{"rendered":"<p>Schulsozialarbeit ist ein Jugendhilfeangebot der Stadt K\u00f6ln an mehr als 100 K\u00f6lner Schulen. Das Ziel von Schulsozialarbeit besteht darin, durch die enge Zusammenarbeit von Jugendhilfe und Schule, Kinder und Jugendliche &#8230;<\/p>\n","protected":false},"author":1,"featured_media":393,"parent":0,"menu_order":0,"comment_status":"closed","ping_status":"closed","template":"","meta":{"footnotes":""},"class_list":["post-278","page","type-page","status-publish","has-post-thumbnail","hentry"],"_links":{"self":[{"href":"https:\/\/max-planck-realschule-koeln.de\/index.php?rest_route=\/wp\/v2\/pages\/278","targetHints":{"allow":["GET"]}}],"collection":[{"href":"https:\/\/max-planck-realschule-koeln.de\/index.php?rest_route=\/wp\/v2\/pages"}],"about":[{"href":"https:\/\/max-planck-realschule-koeln.de\/index.php?rest_route=\/wp\/v2\/types\/page"}],"author":[{"embeddable":true,"href":"https:\/\/max-planck-realschule-koeln.de\/index.php?rest_route=\/wp\/v2\/users\/1"}],"replies":[{"embeddable":true,"href":"https:\/\/max-planck-realschule-koeln.de\/index.php?rest_route=%2Fwp%2Fv2%2Fcomments&post=278"}],"version-history":[{"count":15,"href":"https:\/\/max-planck-realschule-koeln.de\/index.php?rest_route=\/wp\/v2\/pages\/278\/revisions"}],"predecessor-version":[{"id":3004,"href":"https:\/\/max-planck-realschule-koeln.de\/index.php?rest_route=\/wp\/v2\/pages\/278\/revisions\/3004"}],"wp:featuredmedia":[{"embeddable":true,"href":"https:\/\/max-planck-realschule-koeln.de\/index.php?rest_route=\/wp\/v2\/media\/393"}],"wp:attachment":[{"href":"https:\/\/max-planck-realschule-koeln.de\/index.php?rest_route=%2Fwp%2Fv2%2Fmedia&parent=278"}],"curies":[{"name":"wp","href":"https:\/\/api.w.org\/{rel}","templated":true}]}}