{"id":275,"date":"2019-02-22T10:28:29","date_gmt":"2019-02-22T10:28:29","guid":{"rendered":"http:\/\/homepageag.max-planck-realschule-koeln.de\/?page_id=275"},"modified":"2019-02-25T20:06:59","modified_gmt":"2019-02-25T20:06:59","slug":"kent-school-broadstairs","status":"publish","type":"page","link":"https:\/\/max-planck-realschule-koeln.de\/?page_id=275","title":{"rendered":"Kent School (Broadstairs)"},"content":{"rendered":"\n<p><strong>Sch\u00fclerinnen und Sch\u00fcler der Max-Planck-Realschule lernen Englisch in Kent:<\/strong><br>Eine Woche leben wie ein Engl\u00e4nder<br>\u201eNice to meet you\u201c, \u201eTalk to your neighbour\u201c, oder: \u201eWie sagt man seiner Gastfamilie auf Englisch, dass man Vegetarier ist?\u201c. Dies und vieles mehr haben 33 Sch\u00fclerinnen und Sch\u00fcler der 9. Und 10. Klassen der Max-Planck-Realschule in K\u00f6ln-Porz auf ihrer einw\u00f6chigen Sprachreise zur \u201eKent School of English\u201c in Broadstairs gelernt. Begleitet wurde die Fahrt von den beiden Englischlehrerinnen Nina Brinker und Birgit Kessel.<br>Nach dem gro\u00dfen Erfolg im vergangenen Jahr, hat sich das Angebot, eine Woche lang eine englische Sprachschule zu besuchen nun inzwischen so etabliert, dass schon Anfragen f\u00fcr 2016 vorliegen.<br>Die Sch\u00fclerinnen und Sch\u00fcler wohnten eine Woche lang in englischen Gastfamilien und erhielten jeden Vormittag Englischunterricht in Kleingruppen der von Muttersprachlern durchgef\u00fchrt wurde. Aber das war noch nicht alles. Nachmittags und abends gab es ein ausgiebiges Aktivit\u00e4tenprogramm, nat\u00fcrlich alles auf Englisch. Es wurde Theater gespielt (Drama-Class), gesungen (Karaoke), Fu\u00dfball gespielt und: der englische Barn-Dance mit Figuren-Ansager (Caller) und Live-Musik einstudiert.<br>Die Kultur kam auch nicht zu kurz: Ein Besuch der Stadt Canterbury mit der wunderbaren Kathedrale und ein Tagesausflug nach London mit englischer Stadtf\u00fchrung standen ebenfalls auf dem Programm.<br>Nach dieser Woche stand f\u00fcr alle fest: Wir sind n\u00e4chstes Jahr wieder dabei! Alle haben ihre Sprachkenntnisse enorm verbessern k\u00f6nnen, Anfangshemmungen \u00fcberwunden, mit echten Engl\u00e4ndern Englisch zu sprechen, und einen echten Einblick in die englische Kultur und vor allem den englischen Alltag erhalten. <br>Kessel, 11.6.2015<\/p>\n\n\n\n<p><strong>Sch\u00fclerbericht England\nFahrt<\/strong> <\/p>\n\n\n\n<p>Montag <br>Nachdem wir unsere erste Nacht in England hinter uns gebracht h\u00e4tten hie\u00df es &#8222;good morning&#8220; und kurze Zeit sp\u00e4ter um 9:00AM ging es dann zum ersten mal zur Schule. Dort haben wir uns mit einem Einstellungs Test unterzogen, nach diesem wurden wir anhand der Leistung am n\u00e4chsten Tag in Klassen eigeteilt. Von 10:30 bis 10:45 hatten wir eine Pause in der wir essen gehen konnten oder zum Strand gehen. Um 14:00 ging das Programm dann weiter mit einem Quiz durch den Ort damit wir uns auch gut auskennen. Anschlie\u00dfend gingen wir in die Familien um zu essen und um 20:00 stand Drama auf dem Programm, es war wirklich witzig anhand von ein paar Gegenst\u00e4nden und Verkleidungen eine Geschichte auf Englisch auszuarbeiten. Aber geschafft haben es nat\u00fcrlich alle. Danach ging es zur\u00fcck in die Familien, das war tag 1 der Englandreise.<br>Dienstag <br>Heute hatten wir von 9\u201012 Uhr Schule. Bis 14 Uhr hatten Freizeit. Dann hatten wir noch einmal bist 16:45 Unterricht. Danach sind wir zu unseren Gastfamilien gegangen, haben was gegessen und uns f\u00fcr die Disco am Abend fertig gemacht. Es hat sehr viel Spa\u00df gemacht.<br>Mittwoch <br>Am Mittwoch war es endlich soweit und wir fuhren nach London. Wir trafen uns um 9 Uhr am Bus und machten uns auf den Weg mit unsrem London F\u00fchrer. Als wir in London ankamen gingen wir zum Nationalen Museum und wartet dort auf unser Schiff f\u00fcr die Schiffsfahrt. Leider hatten wir an diesem Tag regnerisches Wetter aber der Ausblick von den Schiff machte alles wieder gut. Uns wurde w\u00e4hrend der Fahrt viel \u00fcber London und einzelnen Sehensw\u00fcrdigkeiten erz\u00e4hlt. Man konnte w\u00e4hrend der Fahrt das London Eye sehen, die Tower bridge, viele Hochh\u00e4user und sch\u00f6n gebaute Wohnh\u00e4user und vieles mehr. Die Schiffsfahrt endete vor dem Big Ben von dort aus ging es weiter mit der F\u00fchrung. Zuerst gingen wir zum Big Ben. Danach gingen wir zur Westminster Abbay. Nachdem wir die Kirche von au\u00dfen besichtigt haben , gingen wir noch zum Gericht von London. Als wir dann schon durch einen teil der Stadt gelaufen sind, gingen wir in einen gro\u00dfen park wo viele Tiere wie z.b. Enten und G\u00e4nse frei rumliefen. Zum Schluss unserer Stadtf\u00fchrung besichtigten wir den Buckingham Palace. Dort liefen viele edel gekleidete Leute rum, da die Queen eine Gartenparty f\u00fcr Menschen organisierte die sich gemeinn\u00fctzig engagieren. Nachdem wir dann auch am Buckingham Palace fertig waren gingen wir zum piccadilly Circus wo wir 2 Stunden Freizeit hatten, danach fuhren wir zur\u00fcck . Am Abend hatten wir dann keine Aktivit\u00e4t mehr sondern mussten in den Familien bleiben. Es war ein sehr sch\u00f6ner Tag.<br>Donnerstag <br>Heute hatten wir von 9\u201012:15 Uhr Schule. Dann hatten wir eine Stunde Freizeit. Um 13:15 haben wir uns alle getroffen und sind nach Canterbury gefahren. Dort hatten wir eine F\u00fchrung. Am Abend hatten wir Barn Dance. Erst wollte keiner tanzen aber dann haben doch alle mit gemacht. Das hat sehr viel Spa\u00df gemacht.:)<br>Freitag <br>Heute hatten wir von 9\u201012:15 Uhr Schule. Dann h\u00e4tten wir eine Stunde und 45 Minuten Freizeit. Um 14 Uhr haben sich dann alle zu ihren Aktivit\u00e4ten die sie in der Schule ausgew\u00e4hlt haben getroffen. Man k\u00f6nnte zum Tennis, Fu\u00dfball, Beach Ball und singen. Dies hat viel Spa\u00df gemacht. Am Abend hatten wir Karaoke es hat viel Spa\u00df gemacht es hat zwar nicht jeder mitgemacht doch das zugucken war auch ganz lustig.<\/p>\n","protected":false},"excerpt":{"rendered":"<p>Sch\u00fclerinnen und Sch\u00fcler der Max-Planck-Realschule lernen Englisch in Kent:Eine Woche leben wie ein Engl\u00e4nder\u201eNice to meet you\u201c, \u201eTalk to your neighbour\u201c, oder: \u201eWie sagt man seiner Gastfamilie auf Englisch, dass &#8230;<\/p>\n","protected":false},"author":1,"featured_media":446,"parent":0,"menu_order":0,"comment_status":"closed","ping_status":"closed","template":"","meta":{"footnotes":""},"class_list":["post-275","page","type-page","status-publish","has-post-thumbnail","hentry"],"_links":{"self":[{"href":"https:\/\/max-planck-realschule-koeln.de\/index.php?rest_route=\/wp\/v2\/pages\/275","targetHints":{"allow":["GET"]}}],"collection":[{"href":"https:\/\/max-planck-realschule-koeln.de\/index.php?rest_route=\/wp\/v2\/pages"}],"about":[{"href":"https:\/\/max-planck-realschule-koeln.de\/index.php?rest_route=\/wp\/v2\/types\/page"}],"author":[{"embeddable":true,"href":"https:\/\/max-planck-realschule-koeln.de\/index.php?rest_route=\/wp\/v2\/users\/1"}],"replies":[{"embeddable":true,"href":"https:\/\/max-planck-realschule-koeln.de\/index.php?rest_route=%2Fwp%2Fv2%2Fcomments&post=275"}],"version-history":[{"count":3,"href":"https:\/\/max-planck-realschule-koeln.de\/index.php?rest_route=\/wp\/v2\/pages\/275\/revisions"}],"predecessor-version":[{"id":445,"href":"https:\/\/max-planck-realschule-koeln.de\/index.php?rest_route=\/wp\/v2\/pages\/275\/revisions\/445"}],"wp:featuredmedia":[{"embeddable":true,"href":"https:\/\/max-planck-realschule-koeln.de\/index.php?rest_route=\/wp\/v2\/media\/446"}],"wp:attachment":[{"href":"https:\/\/max-planck-realschule-koeln.de\/index.php?rest_route=%2Fwp%2Fv2%2Fmedia&parent=275"}],"curies":[{"name":"wp","href":"https:\/\/api.w.org\/{rel}","templated":true}]}}