{"id":2738,"date":"2024-11-28T12:34:23","date_gmt":"2024-11-28T12:34:23","guid":{"rendered":"https:\/\/max-planck-realschule-koeln.de\/?page_id=2738"},"modified":"2024-12-20T09:58:11","modified_gmt":"2024-12-20T09:58:11","slug":"musikalischer-adventskalender-2024","status":"publish","type":"page","link":"https:\/\/max-planck-realschule-koeln.de\/?page_id=2738","title":{"rendered":"Musikalischer Adventskalender 2024"},"content":{"rendered":"\n<figure class=\"wp-block-image size-large is-resized\"><img loading=\"lazy\" decoding=\"async\" width=\"1024\" height=\"1002\" src=\"https:\/\/max-planck-realschule-koeln.de\/wp-content\/uploads\/2024\/11\/Adventskalender24-1024x1002.jpg\" alt=\"\" class=\"wp-image-2743\" style=\"width:270px;height:auto\" srcset=\"https:\/\/max-planck-realschule-koeln.de\/wp-content\/uploads\/2024\/11\/Adventskalender24-1024x1002.jpg 1024w, https:\/\/max-planck-realschule-koeln.de\/wp-content\/uploads\/2024\/11\/Adventskalender24-300x294.jpg 300w, https:\/\/max-planck-realschule-koeln.de\/wp-content\/uploads\/2024\/11\/Adventskalender24-768x752.jpg 768w, https:\/\/max-planck-realschule-koeln.de\/wp-content\/uploads\/2024\/11\/Adventskalender24.jpg 1280w\" sizes=\"auto, (max-width: 1024px) 100vw, 1024px\" \/><\/figure>\n\n\n\n<p>Auch in diesem\u00a0 Jahr haben die Lehrer*innen wieder einen musikalischen Adeventskalender f\u00fcr alle Sch\u00fcler*innen gestaltet. Jeden Tag im Dezember um 12.25 Uhr h\u00f6rt man einen Lehrer oder eine Lehrerin \u00fcber die Lautsprechanlage der Schule singen.\u00a0 Auf ihren Quizzetteln m\u00fcssen die Sch\u00fcler*innen eintragen, wer da singt. Am Ende gibt es auch tolle Preise zu gewinnen, die u.a. unser F\u00f6rderverein freundlicherweise organisiert oder finanziert hat. Alle musikalischen T\u00fcrchen gibt es hier nochmal zum Nachh\u00f6ren. Viel Spa\u00df!\u00a0<\/p>\n\n\n\n<p><strong>367 Quizzettel wurden abgegeben. Darunter waren 164 Quizzettel, die vollst\u00e4ndig richtig waren. Aus diesen hat die Event-AG unter Aufsicht von Herrn Knickenberg 19 Gewinner*innen gezogen: Und dies sind unsere diesj\u00e4hrigen Gewinner*innen:<\/strong><\/p>\n<ol>\n<li>Mina 6b<\/li>\n<li>Celina 10a<\/li>\n<li>Aurora 10a<\/li>\n<li>Elina 6b<\/li>\n<li>Andreas 6b<\/li>\n<li>Alina 10b<\/li>\n<li>Ahmad 9a<\/li>\n<li>Sophie 8d<\/li>\n<li>Shadi-Marie 9c<\/li>\n<li>Sude 7c<\/li>\n<li>Maria 7c<\/li>\n<li>Semih 10c<\/li>\n<li>Natan 7a<\/li>\n<li>Asmin 6b<\/li>\n<li>Maks 9b<\/li>\n<li>Liara 6b<\/li>\n<li>Filip 9c<\/li>\n<li>Svenja 9a<\/li>\n<li>Melissa 8c<\/li>\n<\/ol>\n\n\n\n<figure class=\"wp-block-audio\"><audio controls src=\"https:\/\/max-planck-realschule-koeln.de\/wp-content\/uploads\/2024\/12\/MPR-Ankuendigung.mp3\"><\/audio><figcaption class=\"wp-element-caption\"><mark><mark style=\"background-color:rgba(0, 0, 0, 0)\" class=\"has-inline-color has-vivid-red-color\">Ank\u00fcndigung Musikalischer Adventskalender 2024 mit Savo und Bilind<\/mark><\/mark><\/figcaption><\/figure>\n\n\n\n\n\n<figure class=\"wp-block-audio\"><audio controls src=\"https:\/\/max-planck-realschule-koeln.de\/wp-content\/uploads\/2024\/12\/MPR-02.12.mp3\"><\/audio><figcaption class=\"wp-element-caption\"><strong><mark><mark style=\"background-color:rgba(0, 0, 0, 0)\" class=\"has-inline-color has-vivid-red-color\">1. T\u00fcrchen vom<\/mark><\/mark><mark><mark style=\"background-color:rgba(0, 0, 0, 0)\" class=\"has-inline-color has-vivid-red-color\"> <\/mark><\/mark><mark><mark style=\"background-color:rgba(0, 0, 0, 0)\" class=\"has-inline-color has-vivid-red-color\">M<\/mark><\/mark><mark><mark style=\"background-color:rgba(0, 0, 0, 0)\" class=\"has-inline-color has-vivid-red-color\">O<\/mark><\/mark><mark><mark style=\"background-color:rgba(0, 0, 0, 0)\" class=\"has-inline-color has-vivid-red-color\"> 02.12.2024<\/mark><\/mark><\/strong> &#8211; Herr Herrmann<\/figcaption><\/figure>\n\n\n\n\n\n<figure class=\"wp-block-audio\"><audio controls src=\"https:\/\/max-planck-realschule-koeln.de\/wp-content\/uploads\/2024\/12\/MPR-03.12.mp3\"><\/audio><figcaption class=\"wp-element-caption\"><mark><strong><mark style=\"background-color:rgba(0, 0, 0, 0)\" class=\"has-inline-color has-vivid-red-color\">2. T\u00fcrchen vom <\/mark><\/strong><\/mark><mark><strong><mark style=\"background-color:rgba(0, 0, 0, 0)\" class=\"has-inline-color has-vivid-red-color\">D<\/mark><\/strong><\/mark><mark><strong><mark style=\"background-color:rgba(0, 0, 0, 0)\" class=\"has-inline-color has-vivid-red-color\">I<\/mark><\/strong><\/mark><mark><strong><mark style=\"background-color:rgba(0, 0, 0, 0)\" class=\"has-inline-color has-vivid-red-color\"> <\/mark><\/strong><\/mark><mark><strong><mark style=\"background-color:rgba(0, 0, 0, 0)\" class=\"has-inline-color has-vivid-red-color\">03.12.2024<\/mark><\/strong><\/mark> &#8211; Frau Slotta<\/figcaption><\/figure>\n\n\n\n\n\n<figure class=\"wp-block-audio\"><audio controls src=\"https:\/\/max-planck-realschule-koeln.de\/wp-content\/uploads\/2024\/12\/MPR-04.12.mp3\"><\/audio><figcaption class=\"wp-element-caption\"><strong><mark><mark style=\"background-color:rgba(0, 0, 0, 0)\" class=\"has-inline-color has-vivid-red-color\">3. T\u00fcrchen vom <\/mark><\/mark><mark><mark style=\"background-color:rgba(0, 0, 0, 0)\" class=\"has-inline-color has-vivid-red-color\">M<\/mark><\/mark><mark><mark style=\"background-color:rgba(0, 0, 0, 0)\" class=\"has-inline-color has-vivid-red-color\">I<\/mark><\/mark><mark><mark style=\"background-color:rgba(0, 0, 0, 0)\" class=\"has-inline-color has-vivid-red-color\"> <\/mark><\/mark><mark><mark style=\"background-color:rgba(0, 0, 0, 0)\" class=\"has-inline-color has-vivid-red-color\">04.12.2024<\/mark><\/mark><\/strong> &#8211; Frau Hinterleitner<\/figcaption><\/figure>\n\n\n\n\n\n<figure class=\"wp-block-audio\"><audio controls src=\"https:\/\/max-planck-realschule-koeln.de\/wp-content\/uploads\/2024\/12\/MPR-05.12.mp3\"><\/audio><figcaption class=\"wp-element-caption\"><strong><mark><mark style=\"background-color:rgba(0, 0, 0, 0)\" class=\"has-inline-color has-vivid-red-color\">4. T\u00fcrchen vom <\/mark><\/mark><mark><mark style=\"background-color:rgba(0, 0, 0, 0)\" class=\"has-inline-color has-vivid-red-color\">D<\/mark><\/mark><mark><mark style=\"background-color:rgba(0, 0, 0, 0)\" class=\"has-inline-color has-vivid-red-color\">O<\/mark><\/mark><mark><mark style=\"background-color:rgba(0, 0, 0, 0)\" class=\"has-inline-color has-vivid-red-color\"> <\/mark><\/mark><mark><mark style=\"background-color:rgba(0, 0, 0, 0)\" class=\"has-inline-color has-vivid-red-color\">05.12.2024<\/mark><\/mark><\/strong> &#8211; Frau Kassner<\/figcaption><\/figure>\n\n\n\n\n\n<figure class=\"wp-block-audio\"><audio controls src=\"https:\/\/max-planck-realschule-koeln.de\/wp-content\/uploads\/2024\/12\/MPR-06.12.mp3\"><\/audio><figcaption class=\"wp-element-caption\"><mark><mark style=\"background-color:rgba(0, 0, 0, 0)\" class=\"has-inline-color has-vivid-red-color\"><strong>5. T\u00fcrchen vom<\/strong><\/mark><\/mark><mark><mark style=\"background-color:rgba(0, 0, 0, 0)\" class=\"has-inline-color has-vivid-red-color\"><strong> <\/strong><\/mark><\/mark><mark><mark style=\"background-color:rgba(0, 0, 0, 0)\" class=\"has-inline-color has-vivid-red-color\"><strong>F<\/strong><\/mark><\/mark><mark><mark style=\"background-color:rgba(0, 0, 0, 0)\" class=\"has-inline-color has-vivid-red-color\"><strong>R<\/strong><\/mark><\/mark><mark><mark style=\"background-color:rgba(0, 0, 0, 0)\" class=\"has-inline-color has-vivid-red-color\"><strong> 06.12.2024<\/strong><\/mark><\/mark> &#8211; Herr Witzler<\/figcaption><\/figure>\n\n\n\n\n\n<figure class=\"wp-block-audio\"><audio controls src=\"https:\/\/max-planck-realschule-koeln.de\/wp-content\/uploads\/2024\/12\/MPR-09.12.mp3\"><\/audio><figcaption class=\"wp-element-caption\"><strong><mark><mark style=\"background-color:rgba(0, 0, 0, 0)\" class=\"has-inline-color has-vivid-red-color\">6. T\u00fcrchen vom <\/mark><\/mark><mark><mark style=\"background-color:rgba(0, 0, 0, 0)\" class=\"has-inline-color has-vivid-red-color\">M<\/mark><\/mark><mark><mark style=\"background-color:rgba(0, 0, 0, 0)\" class=\"has-inline-color has-vivid-red-color\">O<\/mark><\/mark><mark><mark style=\"background-color:rgba(0, 0, 0, 0)\" class=\"has-inline-color has-vivid-red-color\"> <\/mark><\/mark><mark><mark style=\"background-color:rgba(0, 0, 0, 0)\" class=\"has-inline-color has-vivid-red-color\">09.12.2024<\/mark><\/mark><\/strong> &#8211; Frau Ebbert<\/figcaption><\/figure>\n\n\n\n\n\n<figure class=\"wp-block-audio\"><audio controls src=\"https:\/\/max-planck-realschule-koeln.de\/wp-content\/uploads\/2024\/12\/MPR-10.12.mp3\"><\/audio><figcaption class=\"wp-element-caption\"><strong><mark><mark style=\"background-color:rgba(0, 0, 0, 0)\" class=\"has-inline-color has-vivid-red-color\">7. T\u00fcrchen vom DI 10.12.2024<\/mark><\/mark><\/strong> &#8211; Frau K\u00fcpferle<\/figcaption><\/figure>\n\n\n\n\n\n<figure class=\"wp-block-audio\"><audio controls src=\"https:\/\/max-planck-realschule-koeln.de\/wp-content\/uploads\/2024\/12\/MPR-11.12.mp3\"><\/audio><figcaption class=\"wp-element-caption\"><strong><mark><mark style=\"background-color:rgba(0, 0, 0, 0)\" class=\"has-inline-color has-vivid-red-color\">8. T\u00fcrchen vom MI 11.12.2024<\/mark><\/mark><\/strong> &#8211; Frau Quodbach<\/figcaption><\/figure>\n\n\n\n\n\n<figure class=\"wp-block-audio\"><audio controls src=\"https:\/\/max-planck-realschule-koeln.de\/wp-content\/uploads\/2024\/12\/MPR-12.12.mp3\"><\/audio><figcaption class=\"wp-element-caption\"><strong><mark><mark style=\"background-color:rgba(0, 0, 0, 0)\" class=\"has-inline-color has-vivid-red-color\">9. T\u00fcrchen vom DO 12.12.2024<\/mark><\/mark><\/strong> &#8211; Frau Kessel<\/figcaption><\/figure>\n\n\n\n\n\n<figure class=\"wp-block-audio\"><audio controls src=\"https:\/\/max-planck-realschule-koeln.de\/wp-content\/uploads\/2024\/12\/MPR-13.12.mp3\"><\/audio><figcaption class=\"wp-element-caption\"><strong><mark><mark style=\"background-color:rgba(0, 0, 0, 0)\" class=\"has-inline-color has-vivid-red-color\">10. T\u00fcrchen vom FR 13.12.2024<\/mark><\/mark><\/strong> &#8211; Frau Goebel<\/figcaption><\/figure>\n\n\n\n\n\n<figure class=\"wp-block-audio\"><audio controls src=\"https:\/\/max-planck-realschule-koeln.de\/wp-content\/uploads\/2024\/12\/MPR-16.12.mp3\"><\/audio><figcaption class=\"wp-element-caption\"><strong><mark><mark style=\"background-color:rgba(0, 0, 0, 0)\" class=\"has-inline-color has-vivid-red-color\">11. T\u00fcrchen vom MO 16.12.2024<\/mark><\/mark><\/strong> &#8211; Frau Schmorleiz<\/figcaption><\/figure>\n\n\n\n\n\n<figure class=\"wp-block-audio\"><audio controls src=\"https:\/\/max-planck-realschule-koeln.de\/wp-content\/uploads\/2024\/12\/MPR-17.12.mp3\"><\/audio><figcaption class=\"wp-element-caption\"><strong><mark><mark style=\"background-color:rgba(0, 0, 0, 0)\" class=\"has-inline-color has-vivid-red-color\">12. T\u00fcrchen vom DI 17.12.2024<\/mark><\/mark><\/strong> &#8211; Frau Karacan<\/figcaption><\/figure>\n\n\n\n\n\n<figure class=\"wp-block-audio\"><audio controls src=\"https:\/\/max-planck-realschule-koeln.de\/wp-content\/uploads\/2024\/12\/MPR-18.12.mp3\"><\/audio><figcaption class=\"wp-element-caption\"><strong><mark><mark style=\"background-color:rgba(0, 0, 0, 0);color:#e91a1a\" class=\"has-inline-color\">13. T\u00fcrchen vom MI 18.12.2024<\/mark><\/mark><\/strong> &#8211; Frau Nickels-Banz \/ Herr Klein<\/figcaption><\/figure>\n\n\n\n\n\n<figure class=\"wp-block-audio\"><audio controls src=\"https:\/\/max-planck-realschule-koeln.de\/wp-content\/uploads\/2024\/12\/MPR-19.12.mp3\"><\/audio><figcaption class=\"wp-element-caption\"><mark><mark style=\"background-color:rgba(0, 0, 0, 0)\" class=\"has-inline-color has-vivid-red-color\">Ansprache Herr Knickenberg vom DO 19.12.2024<\/mark><\/mark><\/figcaption><\/figure>\n\n\n\n\n\n\n","protected":false},"excerpt":{"rendered":"<p>Auch in diesem\u00a0 Jahr haben die Lehrer*innen wieder einen musikalischen Adeventskalender f\u00fcr alle Sch\u00fcler*innen gestaltet. Jeden Tag im Dezember um 12.25 Uhr h\u00f6rt man einen Lehrer oder eine Lehrerin \u00fcber &#8230;<\/p>\n","protected":false},"author":1,"featured_media":0,"parent":0,"menu_order":0,"comment_status":"closed","ping_status":"closed","template":"","meta":{"footnotes":""},"class_list":["post-2738","page","type-page","status-publish","hentry"],"_links":{"self":[{"href":"https:\/\/max-planck-realschule-koeln.de\/index.php?rest_route=\/wp\/v2\/pages\/2738","targetHints":{"allow":["GET"]}}],"collection":[{"href":"https:\/\/max-planck-realschule-koeln.de\/index.php?rest_route=\/wp\/v2\/pages"}],"about":[{"href":"https:\/\/max-planck-realschule-koeln.de\/index.php?rest_route=\/wp\/v2\/types\/page"}],"author":[{"embeddable":true,"href":"https:\/\/max-planck-realschule-koeln.de\/index.php?rest_route=\/wp\/v2\/users\/1"}],"replies":[{"embeddable":true,"href":"https:\/\/max-planck-realschule-koeln.de\/index.php?rest_route=%2Fwp%2Fv2%2Fcomments&post=2738"}],"version-history":[{"count":22,"href":"https:\/\/max-planck-realschule-koeln.de\/index.php?rest_route=\/wp\/v2\/pages\/2738\/revisions"}],"predecessor-version":[{"id":2803,"href":"https:\/\/max-planck-realschule-koeln.de\/index.php?rest_route=\/wp\/v2\/pages\/2738\/revisions\/2803"}],"wp:attachment":[{"href":"https:\/\/max-planck-realschule-koeln.de\/index.php?rest_route=%2Fwp%2Fv2%2Fmedia&parent=2738"}],"curies":[{"name":"wp","href":"https:\/\/api.w.org\/{rel}","templated":true}]}}