{"id":268,"date":"2019-02-22T10:26:46","date_gmt":"2019-02-22T10:26:46","guid":{"rendered":"http:\/\/homepageag.max-planck-realschule-koeln.de\/?page_id=268"},"modified":"2019-02-27T09:07:59","modified_gmt":"2019-02-27T09:07:59","slug":"sporthelfer","status":"publish","type":"page","link":"https:\/\/max-planck-realschule-koeln.de\/?page_id=268","title":{"rendered":"Sporthelfer"},"content":{"rendered":"\n<p><strong>Sporthelferinnen und Sporthelfer an der Max-Planck-Realschule<\/strong><\/p>\n\n\n\n<p>Sporthelfer sind speziell ausgebildete Sch\u00fclerinnen und Sch\u00fcler an unserer Schule, die Bewegungs-, Spiel- und Sportangebote f\u00fcr ihre Mitsch\u00fclerinnen und Mitsch\u00fcler im au\u00dfer-unterrichtlichen Sport und Ganztag anbieten und gestalten. Die T\u00e4tigkeitsfelder k\u00f6nnen dabei sehr unterschiedlich sein: <\/p>\n\n\n\n<p>\u2022&nbsp;&nbsp;&nbsp;&nbsp;&nbsp;&nbsp;&nbsp;&nbsp;&nbsp;&nbsp;&nbsp;&nbsp; Angebote von\nverschiedenen Sport- und Bewegungsspielen in den Pausen<\/p>\n\n\n\n<p>\u2022&nbsp;&nbsp;&nbsp;&nbsp;&nbsp;&nbsp;&nbsp;&nbsp;&nbsp;&nbsp;&nbsp;&nbsp; Begleitung bzw.\neigene Leitung von Schulsport-AGs<\/p>\n\n\n\n<p>\u2022&nbsp;&nbsp;&nbsp;&nbsp;&nbsp;&nbsp;&nbsp;&nbsp;&nbsp;&nbsp;&nbsp;&nbsp; \u00dcbernahme von\nAufgaben bei Schulsportfesten<\/p>\n\n\n\n<p>\u2022&nbsp;&nbsp;&nbsp;&nbsp;&nbsp;&nbsp;&nbsp;&nbsp;&nbsp;&nbsp;&nbsp;&nbsp; Mitorganisation\neines schuleigenen Sportfests<\/p>\n\n\n\n<p>Sporthelferinnen und Sporthelfer erweitern das Spiel- und Sportangebot\nim Schulalltag. Das Schulleben wird durch das Engagement der Sporthelferinnen\nund Sporthelfer mitgepr\u00e4gt und positiv ver\u00e4ndert. Der Schulalltag wird aktiver\nund bewegungsfreudiger.<\/p>\n\n\n\n<p>Die Sporthelferinnen und Sporthelfer m\u00fcssen f\u00fcr die T\u00e4tigkeit speziell\ngeschult werden. Die Ausbildung findet in AG-Form statt. In der Sporthelfer AG\nwerden die teilnehmenden Sch\u00fclerinnen und Sch\u00fcler in den unterschiedlichsten\nThemen auf ihren zuk\u00fcnftigen Aufgabenbereich als Sporthelfer vorbereitet.\nFolgende Themen stehen dabei im Mittelpunkt: <\/p>\n\n\n\n<p>\u2022&nbsp;&nbsp;&nbsp;&nbsp;&nbsp;&nbsp;&nbsp;&nbsp;&nbsp;&nbsp;&nbsp;&nbsp; Wie stehe ich vor\neiner Gruppe?<\/p>\n\n\n\n<p>\u2022&nbsp;&nbsp;&nbsp;&nbsp;&nbsp;&nbsp;&nbsp;&nbsp;&nbsp;&nbsp;&nbsp;&nbsp; Welche M\u00f6glichkeiten\nder Gruppeneinteilung gibt es?<\/p>\n\n\n\n<p>\u2022&nbsp;&nbsp;&nbsp;&nbsp;&nbsp;&nbsp;&nbsp;&nbsp;&nbsp;&nbsp;&nbsp;&nbsp; Wie ist eine\nSportstunde aufgebaut?<\/p>\n\n\n\n<p>\u2022&nbsp;&nbsp;&nbsp;&nbsp;&nbsp;&nbsp;&nbsp;&nbsp;&nbsp;&nbsp;&nbsp;&nbsp; Wie gehe ich mit\nSt\u00f6rungen oder Konflikten um?<\/p>\n\n\n\n<p>\u2022&nbsp;&nbsp;&nbsp;&nbsp;&nbsp;&nbsp;&nbsp;&nbsp;&nbsp;&nbsp;&nbsp;&nbsp; Welche\nSicherheitsaspekte sind beim Angebot von Sportspielen zu beachten? <\/p>\n\n\n\n<p>\u2022&nbsp;&nbsp;&nbsp;&nbsp;&nbsp;&nbsp;&nbsp;&nbsp;&nbsp;&nbsp;&nbsp;&nbsp; Welche\nGefahrenquellen lauern in der Sporthalle und auf dem Schulhof?<\/p>\n\n\n\n<p>\u2022&nbsp;&nbsp;&nbsp;&nbsp;&nbsp;&nbsp;&nbsp;&nbsp;&nbsp;&nbsp;&nbsp;&nbsp; Welche verschiedenen\nkleinen Sport- und Bewegungsspiele kann ich anbieten?<\/p>\n\n\n\n<p>\u2022&nbsp;&nbsp;&nbsp;&nbsp;&nbsp;&nbsp;&nbsp;&nbsp;&nbsp;&nbsp;&nbsp;&nbsp; Wie verhalte ich\nmich bei Sportunf\u00e4llen richtig?<\/p>\n\n\n\n<p>Die Ausbildung zum Sporthelfer ist vom Landessportbund offiziell\nanerkannt. Nach erfolgreicher Beendigung der Ausbildung wird den Sch\u00fclerinnen\nund Sch\u00fclern ein offizielles Zertifikat ausgestellt. Dieses entspricht dem\nGruppenhelferschein I und erm\u00f6glicht den Sporthelferinnen und Sporthelfern auch\nden Einsatz im Verein. Die erworbene Qualifikation ist zugleich erster Baustein\nf\u00fcr die Weiterqualifizierung beispielsweise zum \u00dcbungsleiter. <\/p>\n\n\n\n<p>Interessierte Sch\u00fclerinnen und Sch\u00fcler ab der Klasse 8 k\u00f6nnen sich f\u00fcr\ndie Ausbildung zum Sporthelfer bewerben. Die Auswahl der Teilnehmerinnen und\nTeilnehmer erfolgt unter verschiedenen Gesichtspunkten. Grunds\u00e4tzlich sollten\nsie Freude am Sport haben und daran interessiert sein ihre Mitsch\u00fclerinnen und\nMitsch\u00fcler f\u00fcr aktives Sporttreiben zu motivieren. Zuverl\u00e4ssigkeit, die\nBereitschaft sich au\u00dferunterrichtlich zu engagieren und ein selbstbewusstes\nAuftreten sind wichtige Grundvoraussetzungen, um an der Ausbildung zum\nSporthelfer teilzunehmen.<\/p>\n","protected":false},"excerpt":{"rendered":"<p>Sporthelferinnen und Sporthelfer an der Max-Planck-Realschule Sporthelfer sind speziell ausgebildete Sch\u00fclerinnen und Sch\u00fcler an unserer Schule, die Bewegungs-, Spiel- und Sportangebote f\u00fcr ihre Mitsch\u00fclerinnen und Mitsch\u00fcler im au\u00dfer-unterrichtlichen Sport und &#8230;<\/p>\n","protected":false},"author":1,"featured_media":545,"parent":0,"menu_order":0,"comment_status":"closed","ping_status":"closed","template":"","meta":{"footnotes":""},"class_list":["post-268","page","type-page","status-publish","has-post-thumbnail","hentry"],"_links":{"self":[{"href":"https:\/\/max-planck-realschule-koeln.de\/index.php?rest_route=\/wp\/v2\/pages\/268","targetHints":{"allow":["GET"]}}],"collection":[{"href":"https:\/\/max-planck-realschule-koeln.de\/index.php?rest_route=\/wp\/v2\/pages"}],"about":[{"href":"https:\/\/max-planck-realschule-koeln.de\/index.php?rest_route=\/wp\/v2\/types\/page"}],"author":[{"embeddable":true,"href":"https:\/\/max-planck-realschule-koeln.de\/index.php?rest_route=\/wp\/v2\/users\/1"}],"replies":[{"embeddable":true,"href":"https:\/\/max-planck-realschule-koeln.de\/index.php?rest_route=%2Fwp%2Fv2%2Fcomments&post=268"}],"version-history":[{"count":4,"href":"https:\/\/max-planck-realschule-koeln.de\/index.php?rest_route=\/wp\/v2\/pages\/268\/revisions"}],"predecessor-version":[{"id":552,"href":"https:\/\/max-planck-realschule-koeln.de\/index.php?rest_route=\/wp\/v2\/pages\/268\/revisions\/552"}],"wp:featuredmedia":[{"embeddable":true,"href":"https:\/\/max-planck-realschule-koeln.de\/index.php?rest_route=\/wp\/v2\/media\/545"}],"wp:attachment":[{"href":"https:\/\/max-planck-realschule-koeln.de\/index.php?rest_route=%2Fwp%2Fv2%2Fmedia&parent=268"}],"curies":[{"name":"wp","href":"https:\/\/api.w.org\/{rel}","templated":true}]}}