{"id":2585,"date":"2024-04-12T16:26:47","date_gmt":"2024-04-12T16:26:47","guid":{"rendered":"https:\/\/max-planck-realschule-koeln.de\/?page_id=2585"},"modified":"2025-02-21T11:30:21","modified_gmt":"2025-02-21T11:30:21","slug":"musical-2024-im-bann-der-vampire","status":"publish","type":"page","link":"https:\/\/max-planck-realschule-koeln.de\/?page_id=2585","title":{"rendered":"2024: Im Bann der Vampire"},"content":{"rendered":"\n<figure class=\"wp-block-image size-large\"><img loading=\"lazy\" decoding=\"async\" width=\"724\" height=\"1024\" src=\"https:\/\/max-planck-realschule-koeln.de\/wp-content\/uploads\/2024\/04\/Plakat-Im-Bann-der-Vampire-724x1024.jpg\" alt=\"\" class=\"wp-image-2578\" srcset=\"https:\/\/max-planck-realschule-koeln.de\/wp-content\/uploads\/2024\/04\/Plakat-Im-Bann-der-Vampire-724x1024.jpg 724w, https:\/\/max-planck-realschule-koeln.de\/wp-content\/uploads\/2024\/04\/Plakat-Im-Bann-der-Vampire-212x300.jpg 212w, https:\/\/max-planck-realschule-koeln.de\/wp-content\/uploads\/2024\/04\/Plakat-Im-Bann-der-Vampire-768x1086.jpg 768w, https:\/\/max-planck-realschule-koeln.de\/wp-content\/uploads\/2024\/04\/Plakat-Im-Bann-der-Vampire-1086x1536.jpg 1086w, https:\/\/max-planck-realschule-koeln.de\/wp-content\/uploads\/2024\/04\/Plakat-Im-Bann-der-Vampire-1448x2048.jpg 1448w, https:\/\/max-planck-realschule-koeln.de\/wp-content\/uploads\/2024\/04\/Plakat-Im-Bann-der-Vampire-scaled.jpg 1810w\" sizes=\"auto, (max-width: 724px) 100vw, 724px\" \/><\/figure>\n\n\n\n<figure class=\"wp-block-image size-large is-style-default\"><img loading=\"lazy\" decoding=\"async\" width=\"724\" height=\"1024\" src=\"https:\/\/max-planck-realschule-koeln.de\/wp-content\/uploads\/2024\/09\/Porz-am-Montag-22.-Juni-2024-724x1024.jpg\" alt=\"\" class=\"wp-image-2656\" srcset=\"https:\/\/max-planck-realschule-koeln.de\/wp-content\/uploads\/2024\/09\/Porz-am-Montag-22.-Juni-2024-724x1024.jpg 724w, https:\/\/max-planck-realschule-koeln.de\/wp-content\/uploads\/2024\/09\/Porz-am-Montag-22.-Juni-2024-212x300.jpg 212w, https:\/\/max-planck-realschule-koeln.de\/wp-content\/uploads\/2024\/09\/Porz-am-Montag-22.-Juni-2024-768x1086.jpg 768w, https:\/\/max-planck-realschule-koeln.de\/wp-content\/uploads\/2024\/09\/Porz-am-Montag-22.-Juni-2024-1086x1536.jpg 1086w, https:\/\/max-planck-realschule-koeln.de\/wp-content\/uploads\/2024\/09\/Porz-am-Montag-22.-Juni-2024-1448x2048.jpg 1448w, https:\/\/max-planck-realschule-koeln.de\/wp-content\/uploads\/2024\/09\/Porz-am-Montag-22.-Juni-2024.jpg 1653w\" sizes=\"auto, (max-width: 724px) 100vw, 724px\" \/><\/figure>\n\n\n\n<figure class=\"wp-block-image size-large\"><img loading=\"lazy\" decoding=\"async\" width=\"639\" height=\"1024\" src=\"https:\/\/max-planck-realschule-koeln.de\/wp-content\/uploads\/2024\/09\/Koelner-Stadtanzeiger-10.-Juni-2024-639x1024.jpg\" alt=\"\" class=\"wp-image-2657\" srcset=\"https:\/\/max-planck-realschule-koeln.de\/wp-content\/uploads\/2024\/09\/Koelner-Stadtanzeiger-10.-Juni-2024-639x1024.jpg 639w, https:\/\/max-planck-realschule-koeln.de\/wp-content\/uploads\/2024\/09\/Koelner-Stadtanzeiger-10.-Juni-2024-187x300.jpg 187w, https:\/\/max-planck-realschule-koeln.de\/wp-content\/uploads\/2024\/09\/Koelner-Stadtanzeiger-10.-Juni-2024-768x1231.jpg 768w, https:\/\/max-planck-realschule-koeln.de\/wp-content\/uploads\/2024\/09\/Koelner-Stadtanzeiger-10.-Juni-2024-958x1536.jpg 958w, https:\/\/max-planck-realschule-koeln.de\/wp-content\/uploads\/2024\/09\/Koelner-Stadtanzeiger-10.-Juni-2024.jpg 998w\" sizes=\"auto, (max-width: 639px) 100vw, 639px\" \/><\/figure>\n\n\n\n<figure class=\"wp-block-embed is-type-video is-provider-youtube wp-block-embed-youtube wp-embed-aspect-16-9 wp-has-aspect-ratio\"><div class=\"wp-block-embed__wrapper\">\n<iframe loading=\"lazy\" title=\"Projekttag Musical \u201eIm Bann der Vampire\u201c - MPR 2024\" width=\"800\" height=\"450\" src=\"https:\/\/www.youtube.com\/embed\/ntElsVpQYMk?feature=oembed\" frameborder=\"0\" allow=\"accelerometer; autoplay; clipboard-write; encrypted-media; gyroscope; picture-in-picture; web-share\" referrerpolicy=\"strict-origin-when-cross-origin\" allowfullscreen><\/iframe>\n<\/div><\/figure>\n\n\n\n<h1>\u201eEs laden die Vampire zum Tanz\u201c &#8211; Musicalauff\u00fchrung 2024 im Porzer Rathaussaal<\/h1>\n<p>\u00a0<\/p>\n<p><span style=\"color: #000000;\">Es ist mal wieder so weit. Demn\u00e4chst f\u00fchrt die Musical AG der Max-Planck-Realschule wieder ein neues St\u00fcck im Porzer Rathaussaal auf. An insgesamt drei Tagen d\u00fcrfen die Besucher sich gruseln, wenn das St\u00fcck \u201eIm Bann der Vampire\u201c aufgef\u00fchrt wird. Insgesamt wirken bei der aktuellen Produktion ca. 100 Sch\u00fclerinnen und Sch\u00fcler auf, vor und hinter der B\u00fchne mit.<\/span><\/p>\n<p><span style=\"color: #000000;\">Das St\u00fcck basiert auf dem bekannten Musical-Klassiker \u201eTanz der Vampire\u201c, welches so umgeschrieben und angepasst wurde, dass es f\u00fcr Sch\u00fclerinnen und Sch\u00fcler von der 5.-10. Klasse geeignet ist. Eine besondere Herausforderung war die Musik, die bei diesem St\u00fcck besonders anspruchsvoll ist. Denn es gibt eigentlich fast keine Stelle, an der die Musik nicht l\u00e4uft und die Handlung melodramatisch untermalt. Das hei\u00dft f\u00fcr unsere Darstellerinnen und Darsteller noch genauer als sonst auf die Musik zu h\u00f6ren und Eins\u00e4tze nicht zu verpassen. Wie schon bei den letzten Produktionen hatten wir dank gro\u00dfz\u00fcgiger spenden wieder das Gl\u00fcck, die Musik f\u00fcr unsere Produktion neu arrangieren und einspielen zu lassen, um sie auf unsere Bed\u00fcrfnisse und die Stimmen der S\u00e4ngerinnen und S\u00e4nger zuzuschneiden.<\/span><\/p>\n<p><span style=\"color: #000000;\">Ein herzliches Dankesch\u00f6n geht deshalb an dieser Stelle schon einmal an den Lions Club Constantiuns K\u00f6ln, den B\u00fcrgerverein Porz-Mitte, die Stiftung \u201eEin Herz lacht\u201c, die GenRe Versicherung, Real Estate Global sowie dem Haus Knott in Porz f\u00fcr Ihre gro\u00dfz\u00fcgigen Spenden. Danke an alle Geberinnen und Geber, ohne die eine solche Produktion f\u00fcr eine Schule in dem Rahmen nicht umzusetzen w\u00e4re.<\/span><\/p>\n<p><span style=\"color: #000000;\">Danke auch an alle Eltern, die sich dieses Mal in einem herausragenden Ma\u00dfe beim Bau der Kulissen engagiert haben und an vielen Abenden im Schulkeller ges\u00e4gt und gebohrt haben. Nicht zuletzt auch ein gro\u00dfes Dankesch\u00f6n an unseren schulischen F\u00f6rderverein, der unser Projekt ebenfalls finanziell und mit Einsatz unterst\u00fctzt. Der F\u00f6rderverein k\u00fcmmert sich auch in diesem Jahr wieder um das leibliche Wohl mit Snacks und Getr\u00e4nken w\u00e4hrend der Auff\u00fchrungen.<\/span><\/p>\n<p><span style=\"color: #000000;\">Da es sich um eine Schulveranstaltung handelt, k\u00f6nnen zu unserer Auff\u00fchrung nur Eltern, Sch\u00fcler, Lehrer, Ehemalige sowie Freunde und F\u00f6rderer der Schule kommen. Eintrittskarten bekommt man \u00fcber alle Mitwirkenden oder das Sekretariat der Schule ab dem 6. Mai. Sollten Sie keinen direkten Kontakt zu einem der Mitwirkenden haben, wenden Sie sich bitte an das Sekretariat.<\/span><\/p>\n<p><span style=\"color: #000000;\">F\u00fcr alle Sch\u00fclerinnen und Sch\u00fcler unserer Schule wird es Vormittagsvorstellungen geben, um das St\u00fcck zu sehen. Des Weiteren gibt es drei Abendvorstellungen, f\u00fcr welche Eintrittskarten ben\u00f6tigt werden.<\/span><\/p>\n<p><span style=\"color: #000000;\">Die Vorstellungen finden statt:<\/span><\/p>\n<p><span style=\"color: #000000;\">Mi 12.6. um 19 Uhr<\/span><\/p>\n<p><span style=\"color: #000000;\">Do 13.6. um 19 Uhr<\/span><\/p>\n<p><span style=\"color: #000000;\">Fr 14.6. um 18 Uhr<\/span><\/p>\n<p><span style=\"color: #000000;\">Der Eintritt ist frei, aber wir bitten wie immer um Spenden. Falls Sie unsere Arbeit schon vorab unterst\u00fctzen m\u00f6chten, freuen wir uns \u00fcber eine Spende auf das Konto des F\u00f6rdervereins.<\/span><\/p>\n<p><span style=\"color: #000000;\">F\u00fcr freuen uns auf zahlreiche Besucherinnen und Besucher. Bis(s) dann!<\/span><\/p>\n\n\n\n<p><\/p>\n","protected":false},"excerpt":{"rendered":"<p>\u201eEs laden die Vampire zum Tanz\u201c &#8211; Musicalauff\u00fchrung 2024 im Porzer Rathaussaal \u00a0 Es ist mal wieder so weit. Demn\u00e4chst f\u00fchrt die Musical AG der Max-Planck-Realschule wieder ein neues St\u00fcck &#8230;<\/p>\n","protected":false},"author":3,"featured_media":0,"parent":0,"menu_order":0,"comment_status":"closed","ping_status":"closed","template":"","meta":{"footnotes":""},"class_list":["post-2585","page","type-page","status-publish","hentry"],"_links":{"self":[{"href":"https:\/\/max-planck-realschule-koeln.de\/index.php?rest_route=\/wp\/v2\/pages\/2585","targetHints":{"allow":["GET"]}}],"collection":[{"href":"https:\/\/max-planck-realschule-koeln.de\/index.php?rest_route=\/wp\/v2\/pages"}],"about":[{"href":"https:\/\/max-planck-realschule-koeln.de\/index.php?rest_route=\/wp\/v2\/types\/page"}],"author":[{"embeddable":true,"href":"https:\/\/max-planck-realschule-koeln.de\/index.php?rest_route=\/wp\/v2\/users\/3"}],"replies":[{"embeddable":true,"href":"https:\/\/max-planck-realschule-koeln.de\/index.php?rest_route=%2Fwp%2Fv2%2Fcomments&post=2585"}],"version-history":[{"count":6,"href":"https:\/\/max-planck-realschule-koeln.de\/index.php?rest_route=\/wp\/v2\/pages\/2585\/revisions"}],"predecessor-version":[{"id":2815,"href":"https:\/\/max-planck-realschule-koeln.de\/index.php?rest_route=\/wp\/v2\/pages\/2585\/revisions\/2815"}],"wp:attachment":[{"href":"https:\/\/max-planck-realschule-koeln.de\/index.php?rest_route=%2Fwp%2Fv2%2Fmedia&parent=2585"}],"curies":[{"name":"wp","href":"https:\/\/api.w.org\/{rel}","templated":true}]}}