{"id":256,"date":"2019-02-22T10:23:24","date_gmt":"2019-02-22T10:23:24","guid":{"rendered":"http:\/\/homepageag.max-planck-realschule-koeln.de\/?page_id=256"},"modified":"2025-09-01T10:44:00","modified_gmt":"2025-09-01T10:44:00","slug":"delf-franzoesisch","status":"publish","type":"page","link":"https:\/\/max-planck-realschule-koeln.de\/?page_id=256","title":{"rendered":"DELF (Franz\u00f6sisch)"},"content":{"rendered":"\n<table id=\"tablepress-8\" class=\"tablepress tablepress-id-8\">\n<thead>\n<tr class=\"row-1\">\n\t<th class=\"column-1\">Jahr<\/th><th class=\"column-2\">Teilnehmer<\/th><th class=\"column-3\">davon bestanden<\/th><th class=\"column-4\">Quote<\/th>\n<\/tr>\n<\/thead>\n<tbody class=\"row-striping\">\n<tr class=\"row-2\">\n\t<td class=\"column-1\">2007<\/td><td class=\"column-2\">24<\/td><td class=\"column-3\">24<\/td><td class=\"column-4\">100%<\/td>\n<\/tr>\n<tr class=\"row-3\">\n\t<td class=\"column-1\">2008<\/td><td class=\"column-2\">16<\/td><td class=\"column-3\">16<\/td><td class=\"column-4\">100%<\/td>\n<\/tr>\n<tr class=\"row-4\">\n\t<td class=\"column-1\">2009<\/td><td class=\"column-2\">32<\/td><td class=\"column-3\">32<\/td><td class=\"column-4\">100%<\/td>\n<\/tr>\n<tr class=\"row-5\">\n\t<td class=\"column-1\">2010<\/td><td class=\"column-2\">55<\/td><td class=\"column-3\">55<\/td><td class=\"column-4\">100%<\/td>\n<\/tr>\n<tr class=\"row-6\">\n\t<td class=\"column-1\">2011<\/td><td class=\"column-2\">71<\/td><td class=\"column-3\">71<\/td><td class=\"column-4\">100%<\/td>\n<\/tr>\n<tr class=\"row-7\">\n\t<td class=\"column-1\">2012<\/td><td class=\"column-2\">27<\/td><td class=\"column-3\">14 x A1, 13 x A2, 1 x B1<\/td><td class=\"column-4\">100%<\/td>\n<\/tr>\n<tr class=\"row-8\">\n\t<td class=\"column-1\">2013<\/td><td class=\"column-2\">38<\/td><td class=\"column-3\">37 bestanden, davon 26xA1.1, 1xA1, 2xA2, 8xB1<\/td><td class=\"column-4\">97%<\/td>\n<\/tr>\n<tr class=\"row-9\">\n\t<td class=\"column-1\">2014<\/td><td class=\"column-2\">72<\/td><td class=\"column-3\">alle bestanden; davon: 43 mal A1.1, 25 mal A1, 2 mal A2, 2 mal B1<\/td><td class=\"column-4\">100%<\/td>\n<\/tr>\n<tr class=\"row-10\">\n\t<td class=\"column-1\">2015<\/td><td class=\"column-2\">75<\/td><td class=\"column-3\">alle bestanden: davon: 31 mal A1.1, 33 mal A1, 11 mal A2<\/td><td class=\"column-4\">100%<\/td>\n<\/tr>\n<tr class=\"row-11\">\n\t<td class=\"column-1\">2016<\/td><td class=\"column-2\">50<\/td><td class=\"column-3\">45 bestanden: davon: 12 xA1.1, 11 x A1, 15 x A2, 7 x B1<\/td><td class=\"column-4\">90%<\/td>\n<\/tr>\n<tr class=\"row-12\">\n\t<td class=\"column-1\">2017<\/td><td class=\"column-2\">36<\/td><td class=\"column-3\">36 bestanden: davon 21xA1.1,11xA1, 2xA2, 2xB1<\/td><td class=\"column-4\">100%<\/td>\n<\/tr>\n<tr class=\"row-13\">\n\t<td class=\"column-1\">2018<\/td><td class=\"column-2\">41<\/td><td class=\"column-3\">41 bestanden; A1.1.: 22, A1: 13, A2: 6<\/td><td class=\"column-4\">100%<\/td>\n<\/tr>\n<tr class=\"row-14\">\n\t<td class=\"column-1\">2019<\/td><td class=\"column-2\">45<\/td><td class=\"column-3\">43 bestanden; A1.1.: 13; A1: 18; A2: 9; B1: 1<br \/>\n<\/td><td class=\"column-4\">96%<\/td>\n<\/tr>\n<tr class=\"row-15\">\n\t<td class=\"column-1\">2020<\/td><td class=\"column-2\">18<\/td><td class=\"column-3\">15 bestanden; A1.1: 8, A1: 4, A2: 1, B1: 2<br \/>\n<\/td><td class=\"column-4\">83,33%<\/td>\n<\/tr>\n<tr class=\"row-16\">\n\t<td class=\"column-1\">2021<\/td><td class=\"column-2\">Keine Pr\u00fcfungen wegen Corona-Pandemie<\/td><td class=\"column-3\"><\/td><td class=\"column-4\"><\/td>\n<\/tr>\n<tr class=\"row-17\">\n\t<td class=\"column-1\">2022<\/td><td class=\"column-2\">13<\/td><td class=\"column-3\">10 bestanden; A1: 10<\/td><td class=\"column-4\">76,92%<\/td>\n<\/tr>\n<tr class=\"row-18\">\n\t<td class=\"column-1\">2023<\/td><td class=\"column-2\">keine DELF-Pr\u00fcfungen<\/td><td class=\"column-3\"><\/td><td class=\"column-4\"><\/td>\n<\/tr>\n<tr class=\"row-19\">\n\t<td class=\"column-1\">2024<\/td><td class=\"column-2\">19<\/td><td class=\"column-3\">19 bestanden, davon: A1.1: 16; A2: 3<\/td><td class=\"column-4\">100%<\/td>\n<\/tr>\n<tr class=\"row-20\">\n\t<td class=\"column-1\">2025<\/td><td class=\"column-2\">23<\/td><td class=\"column-3\">22 bestanden, davon: A1.1: 9; A1: 13<\/td><td class=\"column-4\">96%<\/td>\n<\/tr>\n<tr class=\"row-21\">\n\t<td class=\"column-1\"><\/td><td class=\"column-2\">Erfolgsquote<\/td><td class=\"column-3\">deutschlandweit<\/td><td class=\"column-4\">90%<\/td>\n<\/tr>\n<\/tbody>\n<\/table>\n<!-- #tablepress-8 from cache -->\n\n\n<p><strong>Delf 2025<\/strong><\/p>\n<p><strong>22 von 23 Teilnehmerinnen und Teilnehmer der 8.-9. Klassen haben mit guten bis sehr guten Ergebnissen bestanden!!!<\/strong><\/p>\n<p><strong>Delf 2024<\/strong><\/p>\n<p>Alle 19 Teilnehmerinnen und Teilnehmer der 7.-10. Klassen haben mit guten bis sehr guten Ergebnissen bestanden!!!<\/p>\n<p><strong>Delf 2022<\/strong><\/p>\n<p>Von den 13 TeilnehmerInnen haben 10 das franz\u00f6sische Sprachdiplom DELF bestanden!<\/p>\n<p>Herzlichen Gl\u00fcckwunsch!!<\/p>\n\n\n<p><strong>Delf 2020<\/strong><\/p>\n<p><strong>Von den 18 TeilnehmerInnen haben 15 das franz\u00f6sische Sprachdiplom DELF bestanden! <\/strong><\/p>\n<p><strong>Herzlichen Gl\u00fcckwunsch!!<\/strong><\/p>\n<p>\u00a0<\/p>\n\n\n\n<p><strong>DELF 2019<\/strong><br \/><strong>Von den 45 TeilnehmerInnen haben 43 das franz\u00f6sische Sprachdiplom DELF erhalten!!<\/strong><strong><br \/><\/strong>Bereits zum dreizehnten Mal nahmen Sch\u00fclerinnen und Sch\u00fcler der Max-Planck-Realschule an den franz\u00f6sischen DELF-Pr\u00fcfungen teil. Auch dieses Jahr reichte das Spektrum der Teilnehmer von der 7. bis zur 10. Klasse.\u00a0<br \/>Das Ergebnis: 43 Sch\u00fclerinnen und Sch\u00fcler haben zum Teil mit \u00fcberragenden Ergebnissen bestanden!!!<br \/>Um ein solches Resultat zu erzielen, haben die vier Franz\u00f6sisch-Lehrerinnen Frau Brinker, Frau Kale\u00df, Frau Kassner, Frau Kessel, und Frau Litzinger ein halbes Jahr lang mit den Pr\u00fcfungsteilnehmern nicht nur w\u00e4hrend der vorgesehenen Unterrichtszeit intensiv ge\u00fcbt. Allen Sch\u00fclerinnen und Sch\u00fclern einen herzlichen Gl\u00fcckwunsch zu diesen tollen Ergebnissen.<\/p>\n<p>\u00a0<\/p>\n\n\n\n<p><strong>DELF 2017<\/strong><br><strong>Alle 36 TeilnehmerInnen haben das franz\u00f6sische Sprachdiplom DELF erhalten!!<br><\/strong>Bereits zum elften Mal nahmen Sch\u00fclerinnen und Sch\u00fcler der Max-Planck-Realschule an den franz\u00f6sischen DELF-Pr\u00fcfungen teil. Auch dieses Jahr reichte das Spektrum der Teilnehmer von der 7. bis zur 10. Klasse.&nbsp;<br>Das Ergebnis: Alle 36 Sch\u00fclerinnen und Sch\u00fcler haben zum Teil mit \u00fcberragenden Ergebnissen bestanden!!!<br>Um ein solches Resultat zu erzielen, haben die drei Franz\u00f6sisch-Lehrerinnen Frau Kale\u00df, Kessel, und Frau Litzinger ein halbes Jahr lang mit den Pr\u00fcfungsteilnehmern nicht nur w\u00e4hrend der vorgesehenen Unterrichtszeit intensiv ge\u00fcbt. Allen Sch\u00fclerinnen und Sch\u00fclern einen herzlichen Gl\u00fcckwunsch zu diesen tollen Ergebnissen.<\/p>\n\n\n\n<p><strong>DELF 2016<\/strong><br><strong>45 Max-Planck-Realsch\u00fcler haben zum 10. Mal das franz\u00f6sische Sprachdiplom DELF erhalten<br><\/strong>Bereits zum zehnten Mal nahmen Sch\u00fclerinnen und Sch\u00fcler der Max-Planck-Realschule an den franz\u00f6sischen DELF-Pr\u00fcfungen teil. Dieses Mal reichte das Spektrum der Teilnehmer von der 7. bis zur 10. Klasse. Alle Pr\u00fcflinge mussten an einer m\u00fcndlichen Pr\u00fcfung teilnehmen, die ihnen ein gutes Nervenkost\u00fcm und nat\u00fcrlich eine gute Performance in der franz\u00f6sischen Sprache abverlangte. Der zweite Teil, die schriftliche Pr\u00fcfung, bestand aus den Teilen H\u00f6rverstehen, Leseverstehen und Schreiben. Gab es f\u00fcr die 7.-Kl\u00e4ssler noch Fragen zu Bildern, die angekreuzt werden mussten, so stieg der Schwierigkeitsgrad in den Pr\u00fcfungen der 8. 9. Und 10. Klassen stetig an.  Das Ergebnis: 45 Sch\u00fclerinnen und Sch\u00fcler haben zum Teil mit \u00fcberragenden Ergebnissen bestanden!!! Um ein solches Resultat zu erzielen, haben die vier Franz\u00f6sisch-Lehrerinnen Frau Brinker, Frau Kessel, Frau Kale\u00df und Frau Litzinger ein halbes Jahr lang mit den Pr\u00fcfungsteilnehmern nicht nur w\u00e4hrend der vorgesehenen Unterrichtszeit intensiv ge\u00fcbt. Allen Sch\u00fclerinnen und Sch\u00fcler einen herzlichen Gl\u00fcckwunsch zu diesen tollen Ergebnissen. <\/p>\n\n\n\n<p><strong>DELF 2015<\/strong><br><strong>76 Max-Planck-Realsch\u00fcler haben zum 9. Mal das franz\u00f6sische Sprachdiplom DELF erhalten. <\/strong>Bereits zum neunten Mal nahmen Sch\u00fclerinnen und Sch\u00fcler der Max-Planck-Realschule an den franz\u00f6sischen DELF-Pr\u00fcfungen teil.<br>Dieses Mal reichte das Spektrum der Teilnehmer von der 7. bis zur 9. Klasse. Alle Pr\u00fcflinge mussten an einer m\u00fcndlichen Pr\u00fcfung teilnehmen, die ihnen ein gutes Nervenkost\u00fcm und nat\u00fcrlich eine gute Performance in der franz\u00f6sischen Sprache abverlangte. Der zweite Teil, die schriftliche Pr\u00fcfung, bestand aus den Teilen H\u00f6rverstehen, Leseverstehen und Schreiben. Gab es f\u00fcr die 7.-Kl\u00e4ssler noch Fragen zu Bildern, die angekreuzt werden mussten, so stieg der Schwierigkeitsgrad in den Pr\u00fcfungen der 8. und 9. Klassen stetig an. So sahen sich die Sch\u00fcler der 9. Klasse mit dem Niveau A2 konfrontiert. Hier wurde von ihnen verlangt, einen l\u00e4ngeren franz\u00f6sischen Aufsatz zu einem unbekannten Thema zu verfassen und H\u00f6rtexten in Originaltempo, sowie geschriebenen Texten detaillierte Informationen zu entnehmen.<br> Das Ergebnis: 75 Sch\u00fclerinnen und Sch\u00fcler haben zum Teil mit \u00fcberragenden Ergebnissen bestanden!!!<br>Um ein solches Resultat zu erzielen, haben die vier Franz\u00f6sisch-Lehrerinnen Frau Brinker, Frau Kessel, Frau Litzinger und Frau Schm\u00fccker-Wurm ein halbes Jahr lang mit den Pr\u00fcfungsteilnehmern nicht nur w\u00e4hrend der vorgesehenen Unterrichtszeit intensiv ge\u00fcbt. Allen Sch\u00fclerinnen und Sch\u00fcler einen herzlichen Gl\u00fcckwunsch zu diesen tollen Ergebnissen.<\/p>\n\n\n\n<p><strong>DELF 2013 <\/strong><br>\u201eWas hei\u00dft nochmal \u201eEntschuldigung\u201c auf Franz\u00f6sisch?\u201c \u201e Was sage ich, wenn ich nicht verstehe, was die Pr\u00fcfer sagen?\u201c \u201e Verstehen die auch Deutsch?\u201c \u201e Bin ich da ganz alleine im Pr\u00fcfungsraum, oder zu zweit?\u201c&nbsp;<br>Diese und andere aufgeregte Fragen h\u00f6rte man am Freitag nachmittag von 40 Sch\u00fclerinnen und Sch\u00fclern der Jahrgsangsstufen 7-10 der Max-Planck-Realschule, die sich der m\u00fcndlichen Franz\u00f6sischpr\u00fcfung stellten, um das begehrte DELF-Zertifikat zu erlangen. Einige waren zum ersten Mal dabei und zitterten der Pr\u00fcfung entgegen. Andere versuchten sich bereits an der 4. Stufe, B1, und wirkten gelassener, weil routinierter.<br>Viele Eltern, die Ihre Kinder zum Rodenkirchener Gymnasium gebracht hatten, wo der m\u00fcndliche Pr\u00fcfungsteil stattfand, fieberten mit Ihren oft erst 12-j\u00e4hrigen Kindern, die zum ersten Mal \u201eechten Franzosen\u201c gegen\u00fcbertraten, um sich mit ihnen auf Franz\u00f6sisch zu unterhalten. Nach den Pr\u00fcfungen sah man strahlende Gesichter: \u201eDas war gar nicht so schwer\u201c, \u201eVoll einfach\u201c, oder \u201eIch hab mich die ganze Zeit auf Franz\u00f6sisch mit dem Pr\u00fcfer unterhalten\u201c.<br>Ob sie alle bestanden haben, erfahren sie erst, wenn sie im Februar auch den schriftlichen Teil des Examens abgelegt haben.<br>Ein gro\u00dfes Lob kann man aber allen Teilnehmerinnen und Teilnehmern schon jetzt aussprechen! Das Schwierigste liegt hinter Euch: Ihr habt mit echten Franzosen Franz\u00f6sisch gesprochen und sie haben Euch verstanden.<br>Wir dr\u00fccken weiter die Daumen!<br>Kes, 26.1.2013 <\/p>\n\n\n\n<p><strong>DELF 2012<\/strong><br>ALLE SCH\u00dcLERINNEN UND SCH\u00dcLER HABEN WIEDER BESTANDEN!! HERZLICHEN GL\u00dcCKWUNSCH!!!!! <br>Zum sechsten Mal hat die Max-Planck-Realschule im Januar an den franz\u00f6sischen Zertifikatspr\u00fcfungen zum Erwerb des Sprachdiploms DELF teilgenommen. 27 Sch\u00fclerinnen und Sch\u00fcler der Klassen 8-10 zitterten bei den m\u00fcndlichen und schriftlichen Pr\u00fcfungen und wurden von Frau Brinker, Frau Kessel, Frau Litzinger und Frau Schm\u00fccker-Wurm perfekt auf die Bereiche H\u00f6rverst\u00e4ndnis, Leseverst\u00e4ndnis, Schreiben und Sprechen vorbereitet. Sie mussten von sich, ihrer Familie, ihrem Lieblingsfilm oder ihren Ferien erz\u00e4hlen, oder, im Falle der 10. Klasse einen schwierigen franz\u00f6sischen Text zum Thema Schuluniform verfassen. Das habt ihr toll gemacht!!!<br>Die n\u00e4chsten DELF-Pr\u00fcfungen finden im Februar 2013 statt. Anmeldeschluss: Vor den Herbstferien 2012.<br><\/p>\n\n\n\n<p><strong>DELF 2011<\/strong><br>Zum f\u00fcnften Mal hat die Max-Planck-Realschule im Januar an den franz\u00f6sischen Zertifikatspr\u00fcfungen zum Erwerb des Sprachdiploms DELF teilgenommen. Und wieder hat sich die Zahl erh\u00f6ht: 71 (!!) Sch\u00fclerinnen und Sch\u00fcler der Klassen 7-10 zitterten am vergangenen Freitag bei den m\u00fcndlichen Pr\u00fcfungen. Sie mussten von sich, ihrer Familie, ihrem Lieblingsfilm oder ihren Ferien erz\u00e4hlen, oder, im Falle der 10. Klasse einen schwierigen franz\u00f6sischen Text zu den Themen \u00d6kologie oder Internet zusammenfassen (Niveau B1).<br>Zum ersten Mal nahmen auch Sch\u00fclerinnen und Sch\u00fcler der Jahrgangsstufe 7 am neu eingerichteten DELF Prim teil.<br><\/p>\n\n\n\n<p><strong>DELF 2010<\/strong><br><strong>&#8222;Die Ergebnisse sind da: Auch dieses Jahr haben alle 55 Sch\u00fclerinnen und Sch\u00fcler bestanden. Herzlichen Gl\u00fcckwunsch!!!!!&#8220;<\/strong> <br>Zum vierten Mal hat die Max-Planck-Realschule im Januar 2010 an den franz\u00f6sischen Sprachpr\u00fcfungen teilgenommen. Dieses Mal haben sich 55 Sch\u00fclerinnen und Sch\u00fcler der Jahrgangsstufe 8, 9 und 10 auf das Diplom vorbereitet. Dies bedeutet beinahe eine Verdoppelung gegen\u00fcber dem Vorjahr (32). Frau Brinker, Frau Kessel und Frau Schm\u00fccker-Wurm haben vier Monate lang mit ihnen ge\u00fcbt, und zum Schluss mitgezittert, bei den m\u00fcndlichen und schriftlichen Pr\u00fcfungen, die das Institut Fran\u00e7ais de Cologne im Januar abgenommen hat. <br>Nun fiebern alle den Ergebnissen entgegen. \u201eDipl\u00f4me d\u00b4Etudes Langue Fran\u00e7aise\u201c: Das franz\u00f6sische Sprachdiplom! <br><\/p>\n\n\n\n<p>Die Ergebnisse kommen im M\u00e4rz und wir dr\u00fccken bis dahin alle Daumen!!!<br>Kes\n\n<\/p>\n\n\n\n<p><strong>DELF 2009<\/strong><br> \u201eDipl\u00f4me d\u00b4Etudes Langue Fran\u00e7aise\u201c: Das franz\u00f6sische Sprachdiplom!&nbsp;<br>Sie haben es, die 32 Sch\u00fclerinnen und Sch\u00fcler der Jahrgangsstufen 8, 9 und 10 der Max-Planck-Realschule!!!  Frau Brinker, Frau Ruland, Frau Kessel und Frau Schm\u00fccker-Wurm haben viele Wochen lang mit ihnen ge\u00fcbt, und zum Schluss mitgezittert, bei den m\u00fcndlichen und schriftlichen Pr\u00fcfungen, die das Institut Fran\u00e7ais de Cologne im Januar abgenommen hat. Nach acht unendlich langen Wochen des Wartens kamen jetzt die Ergebnisse. Es ist bereits das dritte Mal, dass die Max-Planck-Realschule auf diese Pr\u00fcfung vorbereitet hat, und die Zahl der \u201eGepr\u00fcften\u201c hat sich gegen\u00fcber dem vergangenen Jahr sogar verdoppelt. <br>Wir sind stolz auf Euch! Herzlichen Gl\u00fcckwunsch!!!!&nbsp;<br><a href=\"https:\/\/www.institutfrancais.de\/deutschland\/franzoesisch-lernen\/alle-sprachzertifikate\/delf-dalf\">Weitere Informationen \u00fcber DELF findet ihr&nbsp;hier. <\/a><\/p>\n","protected":false},"excerpt":{"rendered":"<p>Delf 2025 22 von 23 Teilnehmerinnen und Teilnehmer der 8.-9. Klassen haben mit guten bis sehr guten Ergebnissen bestanden!!! Delf 2024 Alle 19 Teilnehmerinnen und Teilnehmer der 7.-10. Klassen haben &#8230;<\/p>\n","protected":false},"author":1,"featured_media":2622,"parent":0,"menu_order":0,"comment_status":"closed","ping_status":"closed","template":"","meta":{"footnotes":""},"class_list":["post-256","page","type-page","status-publish","has-post-thumbnail","hentry"],"_links":{"self":[{"href":"https:\/\/max-planck-realschule-koeln.de\/index.php?rest_route=\/wp\/v2\/pages\/256","targetHints":{"allow":["GET"]}}],"collection":[{"href":"https:\/\/max-planck-realschule-koeln.de\/index.php?rest_route=\/wp\/v2\/pages"}],"about":[{"href":"https:\/\/max-planck-realschule-koeln.de\/index.php?rest_route=\/wp\/v2\/types\/page"}],"author":[{"embeddable":true,"href":"https:\/\/max-planck-realschule-koeln.de\/index.php?rest_route=\/wp\/v2\/users\/1"}],"replies":[{"embeddable":true,"href":"https:\/\/max-planck-realschule-koeln.de\/index.php?rest_route=%2Fwp%2Fv2%2Fcomments&post=256"}],"version-history":[{"count":16,"href":"https:\/\/max-planck-realschule-koeln.de\/index.php?rest_route=\/wp\/v2\/pages\/256\/revisions"}],"predecessor-version":[{"id":2924,"href":"https:\/\/max-planck-realschule-koeln.de\/index.php?rest_route=\/wp\/v2\/pages\/256\/revisions\/2924"}],"wp:featuredmedia":[{"embeddable":true,"href":"https:\/\/max-planck-realschule-koeln.de\/index.php?rest_route=\/wp\/v2\/media\/2622"}],"wp:attachment":[{"href":"https:\/\/max-planck-realschule-koeln.de\/index.php?rest_route=%2Fwp%2Fv2%2Fmedia&parent=256"}],"curies":[{"name":"wp","href":"https:\/\/api.w.org\/{rel}","templated":true}]}}