{"id":2047,"date":"2021-12-20T07:48:21","date_gmt":"2021-12-20T07:48:21","guid":{"rendered":"http:\/\/max-planck-realschule-koeln.de\/?page_id=2047"},"modified":"2022-03-01T08:23:42","modified_gmt":"2022-03-01T08:23:42","slug":"weihnachtsvideos","status":"publish","type":"page","link":"https:\/\/max-planck-realschule-koeln.de\/?page_id=2047","title":{"rendered":"Weihnachtsvideos"},"content":{"rendered":"\n<div style=\"width: 720px;\" class=\"wp-video\"><video class=\"wp-video-shortcode\" id=\"video-2047-1\" width=\"720\" height=\"576\" preload=\"metadata\" controls=\"controls\"><source type=\"video\/mp4\" src=\"https:\/\/max-planck-realschule-koeln.de\/wp-content\/uploads\/2020\/12\/Weihnachtsvideo-2020-f\u00fcr-HP-final.mp4?_=1\" \/><a href=\"https:\/\/max-planck-realschule-koeln.de\/wp-content\/uploads\/2020\/12\/Weihnachtsvideo-2020-f\u00fcr-HP-final.mp4\">https:\/\/max-planck-realschule-koeln.de\/wp-content\/uploads\/2020\/12\/Weihnachtsvideo-2020-f\u00fcr-HP-final.mp4<\/a><\/video><\/div>\n\n\n\n<pre><strong><span style=\"color: #ff0000;\">23.12.21: Lehrerweihnachtsvideo 2021<\/span><\/strong><\/pre>\n<p>Hier gibt es f\u00fcr euch Sie nun das brandneue Lehrerweihnachtsvideo 2021 Volume 1 + 2. Wir w\u00fcnschen viel Spa\u00df beim Ansehen und allen sch\u00f6ne Weihnachtsferien sowie einen guten Rutsch ins neue Jahr 2022.<\/p>\n<p>Und auch in diesem Jahr gibt es wieder ein kleines Weihnachtsquiz, bei dem alle Sch\u00fclerinnen und Sch\u00fcler der Max-Planck-Realschule mitmachen und etwas gewinnen k\u00f6nnen. Dazu musst du herausfinden, wie viele Lehrerinnen und Lehrer im Weihnachtsvideo zu sehen sind. Achtung, du kannst nur einmal einen Tipp abgeben, ansonsten wird deine Abgabe ung\u00fcltig. Klicke dazu einfach sp\u00e4ter auf den Link unter den Videos, um an der Abfrage teilzunehmen.\u00a0<\/p>\n\n\n\n<figure class=\"wp-block-embed is-type-video is-provider-youtube wp-block-embed-youtube wp-embed-aspect-16-9 wp-has-aspect-ratio\"><div class=\"wp-block-embed__wrapper\">\n<iframe loading=\"lazy\" title=\"MPR Lehrerweihnachtsvideo 2021 - Volume 1\" width=\"800\" height=\"450\" src=\"https:\/\/www.youtube.com\/embed\/LvEzfguJyuQ?feature=oembed\" frameborder=\"0\" allow=\"accelerometer; autoplay; clipboard-write; encrypted-media; gyroscope; picture-in-picture\" allowfullscreen><\/iframe>\n<\/div><\/figure>\n\n\n\n<figure class=\"wp-block-embed is-type-video is-provider-youtube wp-block-embed-youtube wp-embed-aspect-16-9 wp-has-aspect-ratio\"><div class=\"wp-block-embed__wrapper\">\n<iframe loading=\"lazy\" title=\"MPR Lehrerweihnachtsvideo 2021 - Volume 2\" width=\"800\" height=\"450\" src=\"https:\/\/www.youtube.com\/embed\/F3ODEAuB7Ps?feature=oembed\" frameborder=\"0\" allow=\"accelerometer; autoplay; clipboard-write; encrypted-media; gyroscope; picture-in-picture\" allowfullscreen><\/iframe>\n<\/div><\/figure>\n\n\n\n<p><strong>Weihnachtsquiz: Wie viele Lehrerinnen und Lehrer haben in diesem Jahr in den beiden Weihnachtsvideos Vol.1+2 mitgemacht?<\/strong> Klicke auf den folgenden Link und gib dort bitte deinen Vor- und Nachnamen, deine Klasse sowie deinen Tipp ab. Zu gewinnen gibt es 15x 10\u20ac Rewe-Gutscheine, die unser F\u00f6rderverein wieder freundlicherweise f\u00fcr euch zur Verf\u00fcgung stellt. Achtung: Du kannst nur einmal einen Tipp abgeben, ansonsten wird deine Stimme ung\u00fcltig. Die Sieger*innen geben wir nach den Weihnachtsferien bekannt. Viel Erfolg!\u00a0<\/p>\n","protected":false},"excerpt":{"rendered":"<p>23.12.21: Lehrerweihnachtsvideo 2021 Hier gibt es f\u00fcr euch Sie nun das brandneue Lehrerweihnachtsvideo 2021 Volume 1 + 2. Wir w\u00fcnschen viel Spa\u00df beim Ansehen und allen sch\u00f6ne Weihnachtsferien sowie einen &#8230;<\/p>\n","protected":false},"author":1,"featured_media":0,"parent":0,"menu_order":0,"comment_status":"closed","ping_status":"closed","template":"","meta":{"footnotes":""},"class_list":["post-2047","page","type-page","status-publish","hentry"],"_links":{"self":[{"href":"https:\/\/max-planck-realschule-koeln.de\/index.php?rest_route=\/wp\/v2\/pages\/2047","targetHints":{"allow":["GET"]}}],"collection":[{"href":"https:\/\/max-planck-realschule-koeln.de\/index.php?rest_route=\/wp\/v2\/pages"}],"about":[{"href":"https:\/\/max-planck-realschule-koeln.de\/index.php?rest_route=\/wp\/v2\/types\/page"}],"author":[{"embeddable":true,"href":"https:\/\/max-planck-realschule-koeln.de\/index.php?rest_route=\/wp\/v2\/users\/1"}],"replies":[{"embeddable":true,"href":"https:\/\/max-planck-realschule-koeln.de\/index.php?rest_route=%2Fwp%2Fv2%2Fcomments&post=2047"}],"version-history":[{"count":7,"href":"https:\/\/max-planck-realschule-koeln.de\/index.php?rest_route=\/wp\/v2\/pages\/2047\/revisions"}],"predecessor-version":[{"id":2085,"href":"https:\/\/max-planck-realschule-koeln.de\/index.php?rest_route=\/wp\/v2\/pages\/2047\/revisions\/2085"}],"wp:attachment":[{"href":"https:\/\/max-planck-realschule-koeln.de\/index.php?rest_route=%2Fwp%2Fv2%2Fmedia&parent=2047"}],"curies":[{"name":"wp","href":"https:\/\/api.w.org\/{rel}","templated":true}]}}