{"id":1916,"date":"2021-10-07T13:01:41","date_gmt":"2021-10-07T13:01:41","guid":{"rendered":"http:\/\/max-planck-realschule-koeln.de\/?page_id=1916"},"modified":"2025-07-15T07:04:49","modified_gmt":"2025-07-15T07:04:49","slug":"tag-der-offenen-tuer-2021","status":"publish","type":"page","link":"https:\/\/max-planck-realschule-koeln.de\/?page_id=1916","title":{"rendered":"Tag der offenen T\u00fcr 2025"},"content":{"rendered":"\n<p><strong>Einladung zum \u201eTag der offenen T\u00fcr 2025\u201c an der Max-Planck-Realschule<\/strong><\/p>\n<p>Der Tag der offenen T\u00fcr an der Max-Planck-Realschule bietet Ihnen die M\u00f6glichkeit, unsere Schule kennenzulernen.<\/p>\n<p><u>Samstag, 22.11.25 von 9.00 &#8211; 13.00 Uhr<\/u><\/p>\n<p>Lernen Sie die Max-Planck-Realschule kennen, informieren Sie sich \u00fcber die einzelnen F\u00e4cher und neuen Fachr\u00e4ume (Physik, Chemie, Computer, etc&#8230;). <br \/>An diesem Tag wird Unterricht der Klassen 5 und 6 gezeigt, an dem Sie nat\u00fcrlich teilnehmen k\u00f6nnen. In den Fachr\u00e4umen k\u00f6nnen Ihre Kinder allerhand Neues erfahren und ausprobieren. Au\u00dferdem werden regelm\u00e4\u00dfige F\u00fchrungen durch die Schule angeboten.<\/p>\n<p>Informieren Sie sich auch \u00fcber das vielf\u00e4ltige Programm neben dem eigentlichen Unterricht (AG\u00b4s, Musik, Paten, Streitschlichter, LRS, etc.).<\/p>\n<p>Fragen Sie uns! Es werden immer einige Ansprechpartner*innen im Raum A002 sein, die Ihre Fragen gerne beantworten.<\/p>\n<p>Auf unserer Homepage www.max-planck-realschule-koeln.de finden Sie ab Januar alle Informationen zur Anmeldung. Dort finden Sie auch eine F\u00fclle an weiteren Informationen zu unserer Schule.<\/p>\n<p><u>Am Donnerstag, den 04.12.25, findet um 19 Uhr im Raum B104 ein Elternabend f\u00fcr die zuk\u00fcnftigen Klassen 5 statt.<\/u><\/p>\n<p><strong>Der Anmeldezeitraum f\u00fcr die zuk\u00fcnftigen Klassen 5 ist noch nicht bekannt.<\/strong><\/p>\n<p>Wir freuen uns auf Ihren Besuch.<\/p>\n<p>Mit freundlichen Gr\u00fc\u00dfen, M. Knickenberg (Schulleiter)<\/p>\n","protected":false},"excerpt":{"rendered":"<p>Einladung zum \u201eTag der offenen T\u00fcr 2025\u201c an der Max-Planck-Realschule Der Tag der offenen T\u00fcr an der Max-Planck-Realschule bietet Ihnen die M\u00f6glichkeit, unsere Schule kennenzulernen. Samstag, 22.11.25 von 9.00 &#8211; &#8230;<\/p>\n","protected":false},"author":1,"featured_media":0,"parent":0,"menu_order":0,"comment_status":"closed","ping_status":"closed","template":"","meta":{"footnotes":""},"class_list":["post-1916","page","type-page","status-publish","hentry"],"_links":{"self":[{"href":"https:\/\/max-planck-realschule-koeln.de\/index.php?rest_route=\/wp\/v2\/pages\/1916","targetHints":{"allow":["GET"]}}],"collection":[{"href":"https:\/\/max-planck-realschule-koeln.de\/index.php?rest_route=\/wp\/v2\/pages"}],"about":[{"href":"https:\/\/max-planck-realschule-koeln.de\/index.php?rest_route=\/wp\/v2\/types\/page"}],"author":[{"embeddable":true,"href":"https:\/\/max-planck-realschule-koeln.de\/index.php?rest_route=\/wp\/v2\/users\/1"}],"replies":[{"embeddable":true,"href":"https:\/\/max-planck-realschule-koeln.de\/index.php?rest_route=%2Fwp%2Fv2%2Fcomments&post=1916"}],"version-history":[{"count":6,"href":"https:\/\/max-planck-realschule-koeln.de\/index.php?rest_route=\/wp\/v2\/pages\/1916\/revisions"}],"predecessor-version":[{"id":2900,"href":"https:\/\/max-planck-realschule-koeln.de\/index.php?rest_route=\/wp\/v2\/pages\/1916\/revisions\/2900"}],"wp:attachment":[{"href":"https:\/\/max-planck-realschule-koeln.de\/index.php?rest_route=%2Fwp%2Fv2%2Fmedia&parent=1916"}],"curies":[{"name":"wp","href":"https:\/\/api.w.org\/{rel}","templated":true}]}}