{"id":1189,"date":"2020-09-17T12:23:18","date_gmt":"2020-09-17T12:23:18","guid":{"rendered":"http:\/\/homepageag.max-planck-realschule-koeln.de\/?page_id=1189"},"modified":"2021-05-05T14:56:07","modified_gmt":"2021-05-05T14:56:07","slug":"stundenplaene","status":"publish","type":"page","link":"https:\/\/max-planck-realschule-koeln.de\/?page_id=1189","title":{"rendered":"Lernen auf Distanz"},"content":{"rendered":"\n<p>Auf dieser Seite m\u00f6chten wir Sie informieren, wie das Lernen auf Distanz an der Max-Planck-Schule im Falle einer Schulschlie\u00dfung oder einer Teilschlie\u00dfung organisiert wird.<br \/>Schulschlie\u00dfungen oder Teilschlie\u00dfungen werden alleine durch das Gesundheitsamt angeordnet.<br \/>Es kann sehr pl\u00f6tzlich geschehen, dass Lernen auf Distanz n\u00f6tig wird. Daher ist es wichtig, dass Sie sich die untenstehenden Aspekte genau ansehen. Alle Informationen haben wir als Ausdruck \u00fcber die Sch\u00fclerinnen und Sch\u00fcler an Sie weitergegeben. Alle Informationen stehen Ihnen weiter unten auch als Download bereit.<\/p>\n<p><strong><span style=\"text-decoration: underline;\">Die jeweiligen Stundenpl\u00e4ne der Klassen im &#8222;Lernen auf Distanz&#8220; finden sie <a href=\"https:\/\/max-planck-realschule-koeln.de\/?page_id=1176\">hier<\/a>.<\/span><\/strong><\/p>\n\n\n\n<div class=\"wp-block-file\"><a href=\"https:\/\/max-planck-realschule-koeln.de\/wp-content\/uploads\/2020\/09\/Elternbrief-Lernen-auf-Distanz-2.pdf\">Elternbrief-Lernen-auf-Distanz-2<\/a><a href=\"https:\/\/max-planck-realschule-koeln.de\/wp-content\/uploads\/2020\/09\/Elternbrief-Lernen-auf-Distanz-2.pdf\" class=\"wp-block-file__button\" download>Herunterladen<\/a><\/div>\n\n\n\n<div class=\"wp-block-file\"><a href=\"https:\/\/max-planck-realschule-koeln.de\/wp-content\/uploads\/2020\/09\/Lernen-auf-Distanz_Elternbrief_19.08.20.pdf\">Lernen-auf-Distanz_Elternbrief_19.08.20<\/a><a href=\"https:\/\/max-planck-realschule-koeln.de\/wp-content\/uploads\/2020\/09\/Lernen-auf-Distanz_Elternbrief_19.08.20.pdf\" class=\"wp-block-file__button\" download>Herunterladen<\/a><\/div>\n\n\n\n<div class=\"wp-block-file\"><a href=\"https:\/\/max-planck-realschule-koeln.de\/wp-content\/uploads\/2021\/01\/Teams-Nutzungsregeln.pdf\">Teams-Nutzungsregeln<\/a><a href=\"https:\/\/max-planck-realschule-koeln.de\/wp-content\/uploads\/2021\/01\/Teams-Nutzungsregeln.pdf\" class=\"wp-block-file__button\" download>Herunterladen<\/a><\/div>\n\n\n\n<div class=\"wp-block-file\"><a href=\"https:\/\/max-planck-realschule-koeln.de\/wp-content\/uploads\/2020\/09\/Tipps-bei-der-Erstellung-und-Bearbeitung-meines-Wochenplans.pdf\">Tipps-bei-der-Erstellung-und-Bearbeitung-meines-Wochenplans<\/a><a href=\"https:\/\/max-planck-realschule-koeln.de\/wp-content\/uploads\/2020\/09\/Tipps-bei-der-Erstellung-und-Bearbeitung-meines-Wochenplans.pdf\" class=\"wp-block-file__button\" download>Herunterladen<\/a><\/div>\n\n\n\n<div class=\"wp-block-file\"><a href=\"https:\/\/max-planck-realschule-koeln.de\/wp-content\/uploads\/2020\/09\/Teams-Hilfen-Was-muss-ich-tun-wenn.pdf\">Teams-Hilfen-Was-muss-ich-tun-wenn<\/a><a href=\"https:\/\/max-planck-realschule-koeln.de\/wp-content\/uploads\/2020\/09\/Teams-Hilfen-Was-muss-ich-tun-wenn.pdf\" class=\"wp-block-file__button\" download>Herunterladen<\/a><\/div>\n\n\n\n<div class=\"wp-block-file\"><a href=\"https:\/\/max-planck-realschule-koeln.de\/wp-content\/uploads\/2021\/01\/Elternanleitung-Aufgaben-kontrollieren-in-Teams.pdf\">Elternanleitung-Aufgaben-kontrollieren-in-Teams<\/a><a href=\"https:\/\/max-planck-realschule-koeln.de\/wp-content\/uploads\/2021\/01\/Elternanleitung-Aufgaben-kontrollieren-in-Teams.pdf\" class=\"wp-block-file__button\" download>Herunterladen<\/a><\/div>\n\n\n\n<div class=\"wp-block-file\"><a href=\"https:\/\/max-planck-realschule-koeln.de\/wp-content\/uploads\/2021\/02\/Notfallnummern.pdf\">Notfallnummern<\/a><a href=\"https:\/\/max-planck-realschule-koeln.de\/wp-content\/uploads\/2021\/02\/Notfallnummern.pdf\" class=\"wp-block-file__button\" download>Herunterladen<\/a><\/div>\n","protected":false},"excerpt":{"rendered":"<p>Auf dieser Seite m\u00f6chten wir Sie informieren, wie das Lernen auf Distanz an der Max-Planck-Schule im Falle einer Schulschlie\u00dfung oder einer Teilschlie\u00dfung organisiert wird.Schulschlie\u00dfungen oder Teilschlie\u00dfungen werden alleine durch das &#8230;<\/p>\n","protected":false},"author":1,"featured_media":0,"parent":0,"menu_order":0,"comment_status":"closed","ping_status":"closed","template":"","meta":{"footnotes":""},"class_list":["post-1189","page","type-page","status-publish","hentry"],"_links":{"self":[{"href":"https:\/\/max-planck-realschule-koeln.de\/index.php?rest_route=\/wp\/v2\/pages\/1189","targetHints":{"allow":["GET"]}}],"collection":[{"href":"https:\/\/max-planck-realschule-koeln.de\/index.php?rest_route=\/wp\/v2\/pages"}],"about":[{"href":"https:\/\/max-planck-realschule-koeln.de\/index.php?rest_route=\/wp\/v2\/types\/page"}],"author":[{"embeddable":true,"href":"https:\/\/max-planck-realschule-koeln.de\/index.php?rest_route=\/wp\/v2\/users\/1"}],"replies":[{"embeddable":true,"href":"https:\/\/max-planck-realschule-koeln.de\/index.php?rest_route=%2Fwp%2Fv2%2Fcomments&post=1189"}],"version-history":[{"count":14,"href":"https:\/\/max-planck-realschule-koeln.de\/index.php?rest_route=\/wp\/v2\/pages\/1189\/revisions"}],"predecessor-version":[{"id":1549,"href":"https:\/\/max-planck-realschule-koeln.de\/index.php?rest_route=\/wp\/v2\/pages\/1189\/revisions\/1549"}],"wp:attachment":[{"href":"https:\/\/max-planck-realschule-koeln.de\/index.php?rest_route=%2Fwp%2Fv2%2Fmedia&parent=1189"}],"curies":[{"name":"wp","href":"https:\/\/api.w.org\/{rel}","templated":true}]}}