{"id":1095,"date":"2020-06-28T10:19:52","date_gmt":"2020-06-28T10:19:52","guid":{"rendered":"http:\/\/homepageag.max-planck-realschule-koeln.de\/?page_id=1095"},"modified":"2025-11-10T10:00:46","modified_gmt":"2025-11-10T10:00:46","slug":"leistungsbewertung","status":"publish","type":"page","link":"https:\/\/max-planck-realschule-koeln.de\/?page_id=1095","title":{"rendered":"Leistungsbewertung"},"content":{"rendered":"\n<p>Jede Fachschaft hat f\u00fcr die Benotung von Leistungen der Sch\u00fclerinnen und Sch\u00fclern Kriterien aufgestellt. Um eine gr\u00f6\u00dfere Transparenz bei der Benotung von Leistungen herzustellen, sind diese Kriterien der einzelnen F\u00e4cher hier aufgelistet. Durch anklicken der F\u00e4cher gelangen Sie zu der jeweiligen \u00dcbersicht der Leistungsbewertung.<br>Diese Kriterien werden den Sch\u00fclerinnen und Sch\u00fclern zu Beginn jedes Schuljahres durch die Fachlehrerinnen und Fachlehrer vorgestellt. Die Eltern werden in der 1. Klassenpflegschaftssitzung des Schuljahres \u00fcber die \u00dcbersicht Leistungsbewertung auf der Homepage informiert.&nbsp;&nbsp;<\/p>\n\n\n\n<p>Grundlegende Absprachen zur Leistungsbewertung im &#8222;Lernen auf Distanz&#8220; finden Sie unter diesem <a href=\"https:\/\/max-planck-realschule-koeln.de\/?page_id=1465\">Link:<\/a><\/p>\n\n\n\n<p><a href=\"https:\/\/max-planck-realschule-koeln.de\/wp-content\/uploads\/2020\/07\/Deutsch.pdf\">Deutsch<\/a><br \/><a href=\"https:\/\/max-planck-realschule-koeln.de\/wp-content\/uploads\/2025\/11\/Leistungsbewertung-Mathematik.pdf\">Mathematik<\/a><br \/><a href=\"https:\/\/max-planck-realschule-koeln.de\/wp-content\/uploads\/2020\/07\/Englisch.pdf\">Englisch<\/a><br \/><a href=\"https:\/\/max-planck-realschule-koeln.de\/wp-content\/uploads\/2020\/07\/Franz\u00f6sisch.pdf\">Franz\u00f6sisch<\/a><br \/><a href=\"https:\/\/max-planck-realschule-koeln.de\/wp-content\/uploads\/2020\/07\/Biologie.pdf\">Biologie<\/a><br \/><a href=\"https:\/\/max-planck-realschule-koeln.de\/wp-content\/uploads\/2020\/07\/Physik.pdf\">Physik<\/a><br \/><a href=\"https:\/\/max-planck-realschule-koeln.de\/wp-content\/uploads\/2020\/07\/Sozialwissenschaft.pdf\">Sozialwissenschaft<\/a><br \/><a href=\"https:\/\/max-planck-realschule-koeln.de\/wp-content\/uploads\/2020\/07\/Chemie.pdf\">Chemie<\/a><br \/><a href=\"https:\/\/max-planck-realschule-koeln.de\/wp-content\/uploads\/2020\/07\/Erdkunde.pdf\">Erdkunde<\/a><br \/><a href=\"https:\/\/max-planck-realschule-koeln.de\/wp-content\/uploads\/2025\/11\/Leistungsbewertung-Geschichte.pdf\">Geschichte<\/a><br \/><a href=\"https:\/\/max-planck-realschule-koeln.de\/wp-content\/uploads\/2020\/07\/Politik.pdf\">Politik<\/a><br \/><a href=\"https:\/\/max-planck-realschule-koeln.de\/wp-content\/uploads\/2025\/11\/Leistungsbewertung-Religion.pdf\">Religion<\/a><br \/><a href=\"https:\/\/max-planck-realschule-koeln.de\/wp-content\/uploads\/2025\/11\/Leistungsbewertung-prakt.-Philosophie.pdf\">prakt.Philosophie<\/a><br \/><a href=\"https:\/\/max-planck-realschule-koeln.de\/wp-content\/uploads\/2020\/07\/Musik.pdf\">Musik<\/a><br \/><a href=\"https:\/\/max-planck-realschule-koeln.de\/wp-content\/uploads\/2020\/07\/Kunst.pdf\">Kunst<\/a><br \/><a href=\"https:\/\/max-planck-realschule-koeln.de\/wp-content\/uploads\/2020\/07\/Sport.pdf\">Sport<\/a><\/p>\n","protected":false},"excerpt":{"rendered":"<p>Jede Fachschaft hat f\u00fcr die Benotung von Leistungen der Sch\u00fclerinnen und Sch\u00fclern Kriterien aufgestellt. Um eine gr\u00f6\u00dfere Transparenz bei der Benotung von Leistungen herzustellen, sind diese Kriterien der einzelnen F\u00e4cher &#8230;<\/p>\n","protected":false},"author":1,"featured_media":0,"parent":0,"menu_order":0,"comment_status":"closed","ping_status":"closed","template":"","meta":{"footnotes":""},"class_list":["post-1095","page","type-page","status-publish","hentry"],"_links":{"self":[{"href":"https:\/\/max-planck-realschule-koeln.de\/index.php?rest_route=\/wp\/v2\/pages\/1095","targetHints":{"allow":["GET"]}}],"collection":[{"href":"https:\/\/max-planck-realschule-koeln.de\/index.php?rest_route=\/wp\/v2\/pages"}],"about":[{"href":"https:\/\/max-planck-realschule-koeln.de\/index.php?rest_route=\/wp\/v2\/types\/page"}],"author":[{"embeddable":true,"href":"https:\/\/max-planck-realschule-koeln.de\/index.php?rest_route=\/wp\/v2\/users\/1"}],"replies":[{"embeddable":true,"href":"https:\/\/max-planck-realschule-koeln.de\/index.php?rest_route=%2Fwp%2Fv2%2Fcomments&post=1095"}],"version-history":[{"count":18,"href":"https:\/\/max-planck-realschule-koeln.de\/index.php?rest_route=\/wp\/v2\/pages\/1095\/revisions"}],"predecessor-version":[{"id":2974,"href":"https:\/\/max-planck-realschule-koeln.de\/index.php?rest_route=\/wp\/v2\/pages\/1095\/revisions\/2974"}],"wp:attachment":[{"href":"https:\/\/max-planck-realschule-koeln.de\/index.php?rest_route=%2Fwp%2Fv2%2Fmedia&parent=1095"}],"curies":[{"name":"wp","href":"https:\/\/api.w.org\/{rel}","templated":true}]}}