{"id":104,"date":"2019-02-20T20:33:45","date_gmt":"2019-02-20T20:33:45","guid":{"rendered":"http:\/\/homepageag.max-planck-realschule-koeln.de\/?page_id=104"},"modified":"2025-02-21T11:43:20","modified_gmt":"2025-02-21T11:43:20","slug":"musicals","status":"publish","type":"page","link":"https:\/\/max-planck-realschule-koeln.de\/?page_id=104","title":{"rendered":"Musicals"},"content":{"rendered":"\n<p>Die Musical-AG ist eine freiwillige  Arbeitsgemeinschaft an der Max-Planck-Realschule. Bei den  Musicalprojekten wirken Sch\u00fclerinnen und Sch\u00fcler der Klassen 5-10 mit.  Geprobt wird jeden Freitagnachmittag und teilweise auch innerhalb  unserer AG-Schienen im Nachmittagsbereich. Am Schuljahresende  pr\u00e4sentiert die AG ihre Arbeitsergebnisse in mehreren Auff\u00fchrungen.  Neben Gesang, Tanz und Schauspiel k\u00f6nnen sich die Sch\u00fclerinnen und  Sch\u00fcler unserer Schule hier auch handwerklich und kreativ einbringen,  indem sie z.B. beim Bau der Kulissen oder der Requisiten helfen. Seit  diesem Schuljahr gibt es sogar eine Kost\u00fcm-AG, in der ein Gro\u00dfteil der  ben\u00f6tigen Kost\u00fcme in Handarbeit geschneidert wird. Die Technik-AG der  Schule unterst\u00fctzt die Musical-AG bei den Auff\u00fchrungen und sorgt f\u00fcr den  richtigen Sound und das passende Licht. Auch die Chor-AG der Klassen  5\/6 sowie die Tanz-AG der Klasse 7\/8 sind an den Musicalprojekten  beteiligt und unterst\u00fctzen die Hauptdarsteller auf der B\u00fchne.  Interessierte Sch\u00fclerinnen und Sch\u00fcler k\u00f6nnen sich an Herrn Klein, Frau Cremer und Frau Schmorleiz wenden, die die Musical-AG in diesem Schuljahr zusammen leiten. <\/p>\n\n\n\n<p><strong><a href=\"https:\/\/max-planck-realschule-koeln.de\/?page_id=2817\">Musical 2026<\/a>\u00a0 \u00a0 \u00a0 \u00a0 \u00a0 <a href=\"https:\/\/max-planck-realschule-koeln.de\/?page_id=2585\">Musical 2024<\/a>\u00a0 \u00a0 \u00a0 \u00a0 \u00a0 <a href=\"https:\/\/max-planck-realschule-koeln.de\/?page_id=743\">Musical 2022<\/a> \u00a0\u00a0 \u00a0\u00a0 \u00a0\u00a0<a href=\"https:\/\/max-planck-realschule-koeln.de\/?page_id=493\">Musical 2018<\/a><\/strong><strong>\u00a0 \u00a0 \u00a0 \u00a0 \u00a0 \u00a0<a href=\"https:\/\/max-planck-realschule-koeln.de\/?page_id=491\">Musical 2016<\/a>\u00a0 \u00a0 \u00a0 \u00a0 \u00a0<a href=\"https:\/\/max-planck-realschule-koeln.de\/?page_id=489\">Musical 2014<\/a>\u00a0 \u00a0 \u00a0 \u00a0 <a href=\"https:\/\/max-planck-realschule-koeln.de\/?page_id=487\">Musical 2013<\/a><\/strong><\/p>\n\n\n\n\n\n\n","protected":false},"excerpt":{"rendered":"<p>Die Musical-AG ist eine freiwillige Arbeitsgemeinschaft an der Max-Planck-Realschule. Bei den Musicalprojekten wirken Sch\u00fclerinnen und Sch\u00fcler der Klassen 5-10 mit. Geprobt wird jeden Freitagnachmittag und teilweise auch innerhalb unserer AG-Schienen &#8230;<\/p>\n","protected":false},"author":1,"featured_media":0,"parent":0,"menu_order":0,"comment_status":"closed","ping_status":"closed","template":"","meta":{"footnotes":""},"class_list":["post-104","page","type-page","status-publish","hentry"],"_links":{"self":[{"href":"https:\/\/max-planck-realschule-koeln.de\/index.php?rest_route=\/wp\/v2\/pages\/104","targetHints":{"allow":["GET"]}}],"collection":[{"href":"https:\/\/max-planck-realschule-koeln.de\/index.php?rest_route=\/wp\/v2\/pages"}],"about":[{"href":"https:\/\/max-planck-realschule-koeln.de\/index.php?rest_route=\/wp\/v2\/types\/page"}],"author":[{"embeddable":true,"href":"https:\/\/max-planck-realschule-koeln.de\/index.php?rest_route=\/wp\/v2\/users\/1"}],"replies":[{"embeddable":true,"href":"https:\/\/max-planck-realschule-koeln.de\/index.php?rest_route=%2Fwp%2Fv2%2Fcomments&post=104"}],"version-history":[{"count":9,"href":"https:\/\/max-planck-realschule-koeln.de\/index.php?rest_route=\/wp\/v2\/pages\/104\/revisions"}],"predecessor-version":[{"id":2821,"href":"https:\/\/max-planck-realschule-koeln.de\/index.php?rest_route=\/wp\/v2\/pages\/104\/revisions\/2821"}],"wp:attachment":[{"href":"https:\/\/max-planck-realschule-koeln.de\/index.php?rest_route=%2Fwp%2Fv2%2Fmedia&parent=104"}],"curies":[{"name":"wp","href":"https:\/\/api.w.org\/{rel}","templated":true}]}}